{"id":13435,"date":"2024-01-18T10:11:43","date_gmt":"2024-01-18T15:11:43","guid":{"rendered":"https:\/\/festival.casteliers.ca\/?page_id=13435"},"modified":"2026-01-20T15:43:21","modified_gmt":"2026-01-20T20:43:21","slug":"contact-us-2","status":"publish","type":"page","link":"https:\/\/festival.casteliers.ca\/en\/contact-us-2\/","title":{"rendered":"Contact Us"},"content":{"rendered":"<h2>Casteliers<\/h2>\n<p>Maison internationale des arts de la marionnette (MIAM)<br \/>\n30 Saint-Just Avenue<br \/>\nMontr\u00e9al (QC) H2V 1X8<br \/>\nPhone: 514-270-2717<br \/>\n<a href=\"mailto:info@casteliers.ca\">info@casteliers.ca<\/a><\/p>\n<h2><\/h2>\n<h2>Festival INTERNATIONAL DE CASTELIERS TEAM<\/h2>\n<p><b>Genevi\u00e8ve Therrien<\/b><b><br \/>\n<\/b>Executive Director<br \/>\n<a href=\"mailto:dg@casteliers.ca\" target=\"_blank\" rel=\"noopener\">dg@casteliers.ca<\/a><\/p>\n<p><b>Myriame Larose<\/b><br \/>\nArtistic Director<br \/>\n<a href=\"mailto:artistique@casteliers.ca\" target=\"_blank\" rel=\"noopener\">artistique@casteliers.ca<\/a><\/p>\n<p><b>S\u00e9bastien Boutonnet<\/b><br \/>\nAdministrative Director and responsable for personal information<br \/>\n<a href=\"mailto:administration@casteliers.ca\" target=\"_blank\" rel=\"noopener\">administration@casteliers.ca<\/a><\/p>\n<p><b>V\u00e9ronique Beaudoin<\/b><br \/>\nCommunications and Marketing Director<br \/>\n<a href=\"mailto:communications@casteliers.ca\" target=\"_blank\" rel=\"noopener\">communications@casteliers.ca<\/a><\/p>\n<p><strong>\u00c9ric Simard<\/strong><br \/>\nProduction and Technical Director<br \/>\n<a href=\"mailto:production@casteliers.ca\" target=\"_blank\" rel=\"noopener\"><img decoding=\"async\" class=\"CQ CU\" src=\"https:\/\/mail.google.com\/mail\/u\/0\/images\/cleardot.gif\" alt=\"\" \/>production@casteliers.ca<\/a><\/p>\n<p><b>Julie Laviolette<\/b><br \/>\nMIAM Coordinator and Sustainable Development officer<br \/>\n<a href=\"mailto:miam@casteliers.ca\" target=\"_blank\" rel=\"noopener\">miam@casteliers.ca<\/a><\/p>\n<p><b>Lynne Cooper<\/b><br \/>\nCommunity Outreach and Audience Development Coordinator<br \/>\n<a href=\"mailto:mediation@casteliers.ca\" target=\"_blank\" rel=\"noopener\">mediation@casteliers.ca<\/a><\/p>\n<p><b>Maggie Pelletier<\/b><br \/>\nCommunications Assistant and Box office Manager<br \/>\n<a href=\"mailto:adj.communications@casteliers.ca\" target=\"_blank\" rel=\"noopener\">adj.communications@casteliers.ca<\/a><\/p>\n<p><strong>Samuel Sussman<\/strong><br \/>\nTechnical Assistant<br \/>\n<a href=\"mailto:adj.technique@casteliers.ca\" target=\"_blank\" rel=\"noopener\">adj.technique@casteliers.ca<\/a><\/p>\n<p><strong>Pavla Mano<\/strong><br \/>\nLogistics Manager and Marionnettes en vitrines! Curator<br \/>\n<a href=\"logistique@casteliers.ca\" target=\"_blank\" rel=\"noopener\">logistique@casteliers.ca<\/a><\/p>\n<p><b>Fr\u00e9d\u00e9rique Simard<\/b><br \/>\nAccounting Technician and Administrative Support<br \/>\n<a href=\"mailto:comptabilite@casteliers.ca\" target=\"_blank\" rel=\"noopener\">comptabilite@casteliers.ca<\/a><\/p>\n<p><strong>Samuel Th\u00e9riault-Langelier<\/strong><br \/>\nTechnical Director, PGLO auditorium<\/p>\n<p><strong>Isabelle Bleau \u2013 Isabelle Bleau Communications<\/strong><br \/>\nMedia Liaison Officer<\/p>\n<p><strong>Denise Babin \u2013 Denise Babin Communication<\/strong><br \/>\nTranslator<\/p>\n<p><strong>Marc Fraser<br \/>\n<\/strong>Graphic Designer<\/p>\n<p><strong>Fran\u00e7ois Longpr\u00e9<br \/>\n<\/strong>Web Designer<\/p>\n<p><strong>Christian Brault<br \/>\n<\/strong>Photographe<\/p>\n<p><strong>Mathieu Doyon<br \/>\n<\/strong>Trailer Video Editor<\/p>\n<p>&nbsp;<\/p>\n<p>&nbsp;<\/p>\n","protected":false},"excerpt":{"rendered":"<p>Casteliers Maison internationale des arts de la marionnette (MIAM) 30 Saint-Just Avenue Montr\u00e9al (QC) H2V 1X8 Phone: 514-270-2717 info@casteliers.ca Festival INTERNATIONAL DE CASTELIERS TEAM Genevi\u00e8ve Therrien Executive Director dg@casteliers.ca Myriame Larose Artistic Director artistique@casteliers.ca S\u00e9bastien Boutonnet Administrative Director and responsable for personal information administration@casteliers.ca V\u00e9ronique Beaudoin Communications and Marketing Director communications@casteliers.ca \u00c9ric Simard Production and [&hellip;]<\/p>\n","protected":false},"author":6,"featured_media":0,"parent":0,"menu_order":68,"comment_status":"closed","ping_status":"closed","template":"","meta":{"footnotes":""},"class_list":["post-13435","page","type-page","status-publish","hentry"],"yoast_head":"<!-- This site is optimized with the Yoast SEO plugin v24.2 - https:\/\/yoast.com\/wordpress\/plugins\/seo\/ -->\n<title>Contact Us - Festival de Casteliers<\/title>\n<meta name=\"description\" content=\"2024 Festival international de Casteliers staff members&#039;s names and titles.\" \/>\n<meta name=\"robots\" content=\"index, follow, max-snippet:-1, max-image-preview:large, max-video-preview:-1\" \/>\n<link rel=\"canonical\" href=\"https:\/\/festival.casteliers.ca\/en\/contact-us-2\/\" \/>\n<meta property=\"og:locale\" content=\"en_US\" \/>\n<meta property=\"og:type\" content=\"article\" \/>\n<meta property=\"og:title\" content=\"Contact Us - Festival de Casteliers\" \/>\n<meta property=\"og:description\" content=\"2024 Festival international de Casteliers staff members&#039;s names and titles.\" \/>\n<meta property=\"og:url\" content=\"https:\/\/festival.casteliers.ca\/en\/contact-us-2\/\" \/>\n<meta property=\"og:site_name\" content=\"Festival de Casteliers\" \/>\n<meta property=\"article:publisher\" content=\"https:\/\/www.facebook.com\/casteliers\/\" \/>\n<meta property=\"article:modified_time\" content=\"2026-01-20T20:43:21+00:00\" \/>\n<meta property=\"og:image\" content=\"https:\/\/mail.google.com\/mail\/u\/0\/images\/cleardot.gif\" \/>\n<meta name=\"twitter:card\" content=\"summary_large_image\" \/>\n<meta name=\"twitter:label1\" content=\"Est. reading time\" \/>\n\t<meta name=\"twitter:data1\" content=\"1 minute\" \/>\n<script type=\"application\/ld+json\" class=\"yoast-schema-graph\">{\"@context\":\"https:\/\/schema.org\",\"@graph\":[{\"@type\":\"WebPage\",\"@id\":\"https:\/\/festival.casteliers.ca\/en\/contact-us-2\/\",\"url\":\"https:\/\/festival.casteliers.ca\/en\/contact-us-2\/\",\"name\":\"Contact Us - Festival de Casteliers\",\"isPartOf\":{\"@id\":\"https:\/\/festival.casteliers.ca\/#website\"},\"primaryImageOfPage\":{\"@id\":\"https:\/\/festival.casteliers.ca\/en\/contact-us-2\/#primaryimage\"},\"image\":{\"@id\":\"https:\/\/festival.casteliers.ca\/en\/contact-us-2\/#primaryimage\"},\"thumbnailUrl\":\"https:\/\/mail.google.com\/mail\/u\/0\/images\/cleardot.gif\",\"datePublished\":\"2024-01-18T15:11:43+00:00\",\"dateModified\":\"2026-01-20T20:43:21+00:00\",\"description\":\"2024 Festival international de Casteliers staff members's names and titles.\",\"breadcrumb\":{\"@id\":\"https:\/\/festival.casteliers.ca\/en\/contact-us-2\/#breadcrumb\"},\"inLanguage\":\"en-US\",\"potentialAction\":[{\"@type\":\"ReadAction\",\"target\":[\"https:\/\/festival.casteliers.ca\/en\/contact-us-2\/\"]}]},{\"@type\":\"ImageObject\",\"inLanguage\":\"en-US\",\"@id\":\"https:\/\/festival.casteliers.ca\/en\/contact-us-2\/#primaryimage\",\"url\":\"https:\/\/mail.google.com\/mail\/u\/0\/images\/cleardot.gif\",\"contentUrl\":\"https:\/\/mail.google.com\/mail\/u\/0\/images\/cleardot.gif\"},{\"@type\":\"BreadcrumbList\",\"@id\":\"https:\/\/festival.casteliers.ca\/en\/contact-us-2\/#breadcrumb\",\"itemListElement\":[{\"@type\":\"ListItem\",\"position\":1,\"name\":\"Accueil\",\"item\":\"https:\/\/festival.casteliers.ca\/en\/\"},{\"@type\":\"ListItem\",\"position\":2,\"name\":\"Contact Us\"}]},{\"@type\":\"WebSite\",\"@id\":\"https:\/\/festival.casteliers.ca\/#website\",\"url\":\"https:\/\/festival.casteliers.ca\/\",\"name\":\"Festival international de Casteliers\",\"description\":\"Du 2 au 8 mars 2026\",\"potentialAction\":[{\"@type\":\"SearchAction\",\"target\":{\"@type\":\"EntryPoint\",\"urlTemplate\":\"https:\/\/festival.casteliers.ca\/?s={search_term_string}\"},\"query-input\":{\"@type\":\"PropertyValueSpecification\",\"valueRequired\":true,\"valueName\":\"search_term_string\"}}],\"inLanguage\":\"en-US\"}]}<\/script>\n<!-- \/ Yoast SEO plugin. -->","yoast_head_json":{"title":"Contact Us - Festival de Casteliers","description":"2024 Festival international de Casteliers staff members's names and titles.","robots":{"index":"index","follow":"follow","max-snippet":"max-snippet:-1","max-image-preview":"max-image-preview:large","max-video-preview":"max-video-preview:-1"},"canonical":"https:\/\/festival.casteliers.ca\/en\/contact-us-2\/","og_locale":"en_US","og_type":"article","og_title":"Contact Us - Festival de Casteliers","og_description":"2024 Festival international de Casteliers staff members's names and titles.","og_url":"https:\/\/festival.casteliers.ca\/en\/contact-us-2\/","og_site_name":"Festival de Casteliers","article_publisher":"https:\/\/www.facebook.com\/casteliers\/","article_modified_time":"2026-01-20T20:43:21+00:00","og_image":[{"url":"https:\/\/mail.google.com\/mail\/u\/0\/images\/cleardot.gif","type":"","width":"","height":""}],"twitter_card":"summary_large_image","twitter_misc":{"Est. reading time":"1 minute"},"schema":{"@context":"https:\/\/schema.org","@graph":[{"@type":"WebPage","@id":"https:\/\/festival.casteliers.ca\/en\/contact-us-2\/","url":"https:\/\/festival.casteliers.ca\/en\/contact-us-2\/","name":"Contact Us - Festival de Casteliers","isPartOf":{"@id":"https:\/\/festival.casteliers.ca\/#website"},"primaryImageOfPage":{"@id":"https:\/\/festival.casteliers.ca\/en\/contact-us-2\/#primaryimage"},"image":{"@id":"https:\/\/festival.casteliers.ca\/en\/contact-us-2\/#primaryimage"},"thumbnailUrl":"https:\/\/mail.google.com\/mail\/u\/0\/images\/cleardot.gif","datePublished":"2024-01-18T15:11:43+00:00","dateModified":"2026-01-20T20:43:21+00:00","description":"2024 Festival international de Casteliers staff members's names and titles.","breadcrumb":{"@id":"https:\/\/festival.casteliers.ca\/en\/contact-us-2\/#breadcrumb"},"inLanguage":"en-US","potentialAction":[{"@type":"ReadAction","target":["https:\/\/festival.casteliers.ca\/en\/contact-us-2\/"]}]},{"@type":"ImageObject","inLanguage":"en-US","@id":"https:\/\/festival.casteliers.ca\/en\/contact-us-2\/#primaryimage","url":"https:\/\/mail.google.com\/mail\/u\/0\/images\/cleardot.gif","contentUrl":"https:\/\/mail.google.com\/mail\/u\/0\/images\/cleardot.gif"},{"@type":"BreadcrumbList","@id":"https:\/\/festival.casteliers.ca\/en\/contact-us-2\/#breadcrumb","itemListElement":[{"@type":"ListItem","position":1,"name":"Accueil","item":"https:\/\/festival.casteliers.ca\/en\/"},{"@type":"ListItem","position":2,"name":"Contact Us"}]},{"@type":"WebSite","@id":"https:\/\/festival.casteliers.ca\/#website","url":"https:\/\/festival.casteliers.ca\/","name":"Festival international de Casteliers","description":"Du 2 au 8 mars 2026","potentialAction":[{"@type":"SearchAction","target":{"@type":"EntryPoint","urlTemplate":"https:\/\/festival.casteliers.ca\/?s={search_term_string}"},"query-input":{"@type":"PropertyValueSpecification","valueRequired":true,"valueName":"search_term_string"}}],"inLanguage":"en-US"}]}},"_links":{"self":[{"href":"https:\/\/festival.casteliers.ca\/en\/wp-json\/wp\/v2\/pages\/13435","targetHints":{"allow":["GET"]}}],"collection":[{"href":"https:\/\/festival.casteliers.ca\/en\/wp-json\/wp\/v2\/pages"}],"about":[{"href":"https:\/\/festival.casteliers.ca\/en\/wp-json\/wp\/v2\/types\/page"}],"author":[{"embeddable":true,"href":"https:\/\/festival.casteliers.ca\/en\/wp-json\/wp\/v2\/users\/6"}],"replies":[{"embeddable":true,"href":"https:\/\/festival.casteliers.ca\/en\/wp-json\/wp\/v2\/comments?post=13435"}],"version-history":[{"count":13,"href":"https:\/\/festival.casteliers.ca\/en\/wp-json\/wp\/v2\/pages\/13435\/revisions"}],"predecessor-version":[{"id":18601,"href":"https:\/\/festival.casteliers.ca\/en\/wp-json\/wp\/v2\/pages\/13435\/revisions\/18601"}],"wp:attachment":[{"href":"https:\/\/festival.casteliers.ca\/en\/wp-json\/wp\/v2\/media?parent=13435"}],"curies":[{"name":"wp","href":"https:\/\/api.w.org\/{rel}","templated":true}]}}