{"id":16025,"date":"2024-03-15T14:49:48","date_gmt":"2024-03-15T18:49:48","guid":{"rendered":"https:\/\/festival.casteliers.ca\/photos-edition-2024\/"},"modified":"2024-03-15T14:53:16","modified_gmt":"2024-03-15T18:53:16","slug":"photos-edition-2024","status":"publish","type":"page","link":"https:\/\/festival.casteliers.ca\/en\/photos-edition-2024\/","title":{"rendered":"Photos &#8211; 2024 Edition"},"content":{"rendered":"<p style=\"text-align: left;\"><strong>\u00a0 \u00a0 Photos: <\/strong><a href=\"https:\/\/www.facebook.com\/cbphoto\">Christian Brault<\/a><\/p>\n\n\t\t<style type=\"text\/css\">\n\t\t\t#gallery-1 {\n\t\t\t\tmargin: auto;\n\t\t\t}\n\t\t\t#gallery-1 .gallery-item {\n\t\t\t\tfloat: left;\n\t\t\t\tmargin-top: 10px;\n\t\t\t\ttext-align: center;\n\t\t\t\twidth: 33%;\n\t\t\t}\n\t\t\t#gallery-1 img {\n\t\t\t\tborder: 2px solid #cfcfcf;\n\t\t\t}\n\t\t\t#gallery-1 .gallery-caption {\n\t\t\t\tmargin-left: 0;\n\t\t\t}\n\t\t\t\/* see gallery_shortcode() in wp-includes\/media.php *\/\n\t\t<\/style>\n\t\t<div id='gallery-1' class='gallery galleryid-16025 gallery-columns-3 gallery-size-medium'><dl class='gallery-item'>\n\t\t\t<dt class='gallery-icon landscape'>\n\t\t\t\t<a href='https:\/\/festival.casteliers.ca\/en\/photos-edition-2024\/copie_web_0159_fest_casteliers_06-mars_312-2\/'><img loading=\"lazy\" decoding=\"async\" width=\"300\" height=\"200\" src=\"https:\/\/festival.casteliers.ca\/festival2014\/wp-content\/uploads\/2024\/03\/copie_web_0159_fest_casteliers_06-mars_312-300x200.jpg\" class=\"attachment-medium size-medium\" alt=\"\" aria-describedby=\"gallery-1-15998\" srcset=\"https:\/\/festival.casteliers.ca\/festival2014\/wp-content\/uploads\/2024\/03\/copie_web_0159_fest_casteliers_06-mars_312-300x200.jpg 300w, https:\/\/festival.casteliers.ca\/festival2014\/wp-content\/uploads\/2024\/03\/copie_web_0159_fest_casteliers_06-mars_312-1024x683.jpg 1024w, https:\/\/festival.casteliers.ca\/festival2014\/wp-content\/uploads\/2024\/03\/copie_web_0159_fest_casteliers_06-mars_312-768x512.jpg 768w, https:\/\/festival.casteliers.ca\/festival2014\/wp-content\/uploads\/2024\/03\/copie_web_0159_fest_casteliers_06-mars_312-180x120.jpg 180w, https:\/\/festival.casteliers.ca\/festival2014\/wp-content\/uploads\/2024\/03\/copie_web_0159_fest_casteliers_06-mars_312-1536x1024.jpg 1536w, https:\/\/festival.casteliers.ca\/festival2014\/wp-content\/uploads\/2024\/03\/copie_web_0159_fest_casteliers_06-mars_312.jpg 2048w\" sizes=\"auto, (max-width: 300px) 100vw, 300px\" \/><\/a>\n\t\t\t<\/dt>\n\t\t\t\t<dd class='wp-caption-text gallery-caption' id='gallery-1-15998'>\n\t\t\t\tFestival-goers Headquarters\n\t\t\t\t<\/dd><\/dl><dl class='gallery-item'>\n\t\t\t<dt class='gallery-icon landscape'>\n\t\t\t\t<a href='https:\/\/festival.casteliers.ca\/en\/photos-edition-2024\/copie_web_0159_fest_casteliers_07-mars_067-2\/'><img loading=\"lazy\" decoding=\"async\" width=\"300\" height=\"200\" src=\"https:\/\/festival.casteliers.ca\/festival2014\/wp-content\/uploads\/2024\/03\/copie_web_0159_fest_casteliers_07-mars_067-300x200.jpg\" class=\"attachment-medium size-medium\" alt=\"\" aria-describedby=\"gallery-1-16000\" srcset=\"https:\/\/festival.casteliers.ca\/festival2014\/wp-content\/uploads\/2024\/03\/copie_web_0159_fest_casteliers_07-mars_067-300x200.jpg 300w, https:\/\/festival.casteliers.ca\/festival2014\/wp-content\/uploads\/2024\/03\/copie_web_0159_fest_casteliers_07-mars_067-1024x683.jpg 1024w, https:\/\/festival.casteliers.ca\/festival2014\/wp-content\/uploads\/2024\/03\/copie_web_0159_fest_casteliers_07-mars_067-768x512.jpg 768w, https:\/\/festival.casteliers.ca\/festival2014\/wp-content\/uploads\/2024\/03\/copie_web_0159_fest_casteliers_07-mars_067-180x120.jpg 180w, https:\/\/festival.casteliers.ca\/festival2014\/wp-content\/uploads\/2024\/03\/copie_web_0159_fest_casteliers_07-mars_067-1536x1024.jpg 1536w, https:\/\/festival.casteliers.ca\/festival2014\/wp-content\/uploads\/2024\/03\/copie_web_0159_fest_casteliers_07-mars_067.jpg 2048w\" sizes=\"auto, (max-width: 300px) 100vw, 300px\" \/><\/a>\n\t\t\t<\/dt>\n\t\t\t\t<dd class='wp-caption-text gallery-caption' id='gallery-1-16000'>\n\t\t\t\tProfessional delegation shuttle bus\n\t\t\t\t<\/dd><\/dl><dl class='gallery-item'>\n\t\t\t<dt class='gallery-icon landscape'>\n\t\t\t\t<a href='https:\/\/festival.casteliers.ca\/en\/photos-edition-2024\/copie_web_0159_fest_casteliers_07-mars_091-2\/'><img loading=\"lazy\" decoding=\"async\" width=\"300\" height=\"200\" src=\"https:\/\/festival.casteliers.ca\/festival2014\/wp-content\/uploads\/2024\/03\/copie_web_0159_fest_casteliers_07-mars_091-300x200.jpg\" class=\"attachment-medium size-medium\" alt=\"\" aria-describedby=\"gallery-1-16002\" srcset=\"https:\/\/festival.casteliers.ca\/festival2014\/wp-content\/uploads\/2024\/03\/copie_web_0159_fest_casteliers_07-mars_091-300x200.jpg 300w, https:\/\/festival.casteliers.ca\/festival2014\/wp-content\/uploads\/2024\/03\/copie_web_0159_fest_casteliers_07-mars_091-1024x683.jpg 1024w, https:\/\/festival.casteliers.ca\/festival2014\/wp-content\/uploads\/2024\/03\/copie_web_0159_fest_casteliers_07-mars_091-768x512.jpg 768w, https:\/\/festival.casteliers.ca\/festival2014\/wp-content\/uploads\/2024\/03\/copie_web_0159_fest_casteliers_07-mars_091-180x120.jpg 180w, https:\/\/festival.casteliers.ca\/festival2014\/wp-content\/uploads\/2024\/03\/copie_web_0159_fest_casteliers_07-mars_091-1536x1024.jpg 1536w, https:\/\/festival.casteliers.ca\/festival2014\/wp-content\/uploads\/2024\/03\/copie_web_0159_fest_casteliers_07-mars_091.jpg 2048w\" sizes=\"auto, (max-width: 300px) 100vw, 300px\" \/><\/a>\n\t\t\t<\/dt>\n\t\t\t\t<dd class='wp-caption-text gallery-caption' id='gallery-1-16002'>\n\t\t\t\tDESSAIM, Collectif DESSAIM (Montr\u00e9al)\n\t\t\t\t<\/dd><\/dl><br style=\"clear: both\" \/><dl class='gallery-item'>\n\t\t\t<dt class='gallery-icon landscape'>\n\t\t\t\t<a href='https:\/\/festival.casteliers.ca\/en\/photos-edition-2024\/copie_web_0159_fest_casteliers_07-mars_223-2\/'><img loading=\"lazy\" decoding=\"async\" width=\"300\" height=\"200\" src=\"https:\/\/festival.casteliers.ca\/festival2014\/wp-content\/uploads\/2024\/03\/copie_web_0159_fest_casteliers_07-mars_223-300x200.jpg\" class=\"attachment-medium size-medium\" alt=\"\" aria-describedby=\"gallery-1-16006\" srcset=\"https:\/\/festival.casteliers.ca\/festival2014\/wp-content\/uploads\/2024\/03\/copie_web_0159_fest_casteliers_07-mars_223-300x200.jpg 300w, https:\/\/festival.casteliers.ca\/festival2014\/wp-content\/uploads\/2024\/03\/copie_web_0159_fest_casteliers_07-mars_223-1024x683.jpg 1024w, https:\/\/festival.casteliers.ca\/festival2014\/wp-content\/uploads\/2024\/03\/copie_web_0159_fest_casteliers_07-mars_223-768x512.jpg 768w, https:\/\/festival.casteliers.ca\/festival2014\/wp-content\/uploads\/2024\/03\/copie_web_0159_fest_casteliers_07-mars_223-180x120.jpg 180w, https:\/\/festival.casteliers.ca\/festival2014\/wp-content\/uploads\/2024\/03\/copie_web_0159_fest_casteliers_07-mars_223-1536x1024.jpg 1536w, https:\/\/festival.casteliers.ca\/festival2014\/wp-content\/uploads\/2024\/03\/copie_web_0159_fest_casteliers_07-mars_223.jpg 2048w\" sizes=\"auto, (max-width: 300px) 100vw, 300px\" \/><\/a>\n\t\t\t<\/dt>\n\t\t\t\t<dd class='wp-caption-text gallery-caption' id='gallery-1-16006'>\n\t\t\t\tTalk back with the artists, Lunch with Sonia, LOCO7 Dance Puppet Theater Company (New York).\n\t\t\t\t<\/dd><\/dl><dl class='gallery-item'>\n\t\t\t<dt class='gallery-icon landscape'>\n\t\t\t\t<a href='https:\/\/festival.casteliers.ca\/en\/photos-edition-2024\/copie_web_0159_fest_casteliers_09-mars_059-2\/'><img loading=\"lazy\" decoding=\"async\" width=\"300\" height=\"200\" src=\"https:\/\/festival.casteliers.ca\/festival2014\/wp-content\/uploads\/2024\/03\/copie_web_0159_fest_casteliers_09-mars_059-300x200.jpg\" class=\"attachment-medium size-medium\" alt=\"\" aria-describedby=\"gallery-1-16012\" srcset=\"https:\/\/festival.casteliers.ca\/festival2014\/wp-content\/uploads\/2024\/03\/copie_web_0159_fest_casteliers_09-mars_059-300x200.jpg 300w, https:\/\/festival.casteliers.ca\/festival2014\/wp-content\/uploads\/2024\/03\/copie_web_0159_fest_casteliers_09-mars_059-1024x683.jpg 1024w, https:\/\/festival.casteliers.ca\/festival2014\/wp-content\/uploads\/2024\/03\/copie_web_0159_fest_casteliers_09-mars_059-768x512.jpg 768w, https:\/\/festival.casteliers.ca\/festival2014\/wp-content\/uploads\/2024\/03\/copie_web_0159_fest_casteliers_09-mars_059-180x120.jpg 180w, https:\/\/festival.casteliers.ca\/festival2014\/wp-content\/uploads\/2024\/03\/copie_web_0159_fest_casteliers_09-mars_059-1536x1024.jpg 1536w, https:\/\/festival.casteliers.ca\/festival2014\/wp-content\/uploads\/2024\/03\/copie_web_0159_fest_casteliers_09-mars_059.jpg 2048w\" sizes=\"auto, (max-width: 300px) 100vw, 300px\" \/><\/a>\n\t\t\t<\/dt>\n\t\t\t\t<dd class='wp-caption-text gallery-caption' id='gallery-1-16012'>\n\t\t\t\tM\u00e9moires d\u2019un volcan, UBUS Th\u00e9\u00e2tre (Qu\u00e9bec)\n\t\t\t\t<\/dd><\/dl><dl class='gallery-item'>\n\t\t\t<dt class='gallery-icon landscape'>\n\t\t\t\t<a href='https:\/\/festival.casteliers.ca\/en\/photos-edition-2024\/copie_web_0159_fest_casteliers_07-mars_168-2\/'><img loading=\"lazy\" decoding=\"async\" width=\"300\" height=\"225\" src=\"https:\/\/festival.casteliers.ca\/festival2014\/wp-content\/uploads\/2024\/03\/copie_web_0159_fest_casteliers_07-mars_168-300x225.jpg\" class=\"attachment-medium size-medium\" alt=\"\" aria-describedby=\"gallery-1-16004\" srcset=\"https:\/\/festival.casteliers.ca\/festival2014\/wp-content\/uploads\/2024\/03\/copie_web_0159_fest_casteliers_07-mars_168-300x225.jpg 300w, https:\/\/festival.casteliers.ca\/festival2014\/wp-content\/uploads\/2024\/03\/copie_web_0159_fest_casteliers_07-mars_168-1024x768.jpg 1024w, https:\/\/festival.casteliers.ca\/festival2014\/wp-content\/uploads\/2024\/03\/copie_web_0159_fest_casteliers_07-mars_168-768x576.jpg 768w, https:\/\/festival.casteliers.ca\/festival2014\/wp-content\/uploads\/2024\/03\/copie_web_0159_fest_casteliers_07-mars_168-160x120.jpg 160w, https:\/\/festival.casteliers.ca\/festival2014\/wp-content\/uploads\/2024\/03\/copie_web_0159_fest_casteliers_07-mars_168-1536x1152.jpg 1536w, https:\/\/festival.casteliers.ca\/festival2014\/wp-content\/uploads\/2024\/03\/copie_web_0159_fest_casteliers_07-mars_168-500x375.jpg 500w, https:\/\/festival.casteliers.ca\/festival2014\/wp-content\/uploads\/2024\/03\/copie_web_0159_fest_casteliers_07-mars_168.jpg 2048w\" sizes=\"auto, (max-width: 300px) 100vw, 300px\" \/><\/a>\n\t\t\t<\/dt>\n\t\t\t\t<dd class='wp-caption-text gallery-caption' id='gallery-1-16004'>\n\t\t\t\tSylvie Gosselin and her exhibit Cheminer entre le th\u00e9\u00e2tre et les arts visuels at Galerie d&#8217;Outremont.\n\t\t\t\t<\/dd><\/dl><br style=\"clear: both\" \/><dl class='gallery-item'>\n\t\t\t<dt class='gallery-icon landscape'>\n\t\t\t\t<a href='https:\/\/festival.casteliers.ca\/en\/photos-edition-2024\/copie_web_0159_fest_casteliers_08-mars_007-2\/'><img loading=\"lazy\" decoding=\"async\" width=\"300\" height=\"200\" src=\"https:\/\/festival.casteliers.ca\/festival2014\/wp-content\/uploads\/2024\/03\/copie_web_0159_fest_casteliers_08-mars_007-300x200.jpg\" class=\"attachment-medium size-medium\" alt=\"\" aria-describedby=\"gallery-1-16008\" srcset=\"https:\/\/festival.casteliers.ca\/festival2014\/wp-content\/uploads\/2024\/03\/copie_web_0159_fest_casteliers_08-mars_007-300x200.jpg 300w, https:\/\/festival.casteliers.ca\/festival2014\/wp-content\/uploads\/2024\/03\/copie_web_0159_fest_casteliers_08-mars_007-1024x683.jpg 1024w, https:\/\/festival.casteliers.ca\/festival2014\/wp-content\/uploads\/2024\/03\/copie_web_0159_fest_casteliers_08-mars_007-768x512.jpg 768w, https:\/\/festival.casteliers.ca\/festival2014\/wp-content\/uploads\/2024\/03\/copie_web_0159_fest_casteliers_08-mars_007-180x120.jpg 180w, https:\/\/festival.casteliers.ca\/festival2014\/wp-content\/uploads\/2024\/03\/copie_web_0159_fest_casteliers_08-mars_007-1536x1024.jpg 1536w, https:\/\/festival.casteliers.ca\/festival2014\/wp-content\/uploads\/2024\/03\/copie_web_0159_fest_casteliers_08-mars_007.jpg 2048w\" sizes=\"auto, (max-width: 300px) 100vw, 300px\" \/><\/a>\n\t\t\t<\/dt>\n\t\t\t\t<dd class='wp-caption-text gallery-caption' id='gallery-1-16008'>\n\t\t\t\tPuppeteers and presenters, March\u00e9 international de Casteliers (MIC)\n\t\t\t\t<\/dd><\/dl><dl class='gallery-item'>\n\t\t\t<dt class='gallery-icon landscape'>\n\t\t\t\t<a href='https:\/\/festival.casteliers.ca\/en\/photos-edition-2024\/copie_web_0159_fest_casteliers_09-mars_032-2\/'><img loading=\"lazy\" decoding=\"async\" width=\"300\" height=\"225\" src=\"https:\/\/festival.casteliers.ca\/festival2014\/wp-content\/uploads\/2024\/03\/copie_web_0159_fest_casteliers_09-mars_032-300x225.jpg\" class=\"attachment-medium size-medium\" alt=\"\" aria-describedby=\"gallery-1-16010\" srcset=\"https:\/\/festival.casteliers.ca\/festival2014\/wp-content\/uploads\/2024\/03\/copie_web_0159_fest_casteliers_09-mars_032-300x225.jpg 300w, https:\/\/festival.casteliers.ca\/festival2014\/wp-content\/uploads\/2024\/03\/copie_web_0159_fest_casteliers_09-mars_032-1024x768.jpg 1024w, https:\/\/festival.casteliers.ca\/festival2014\/wp-content\/uploads\/2024\/03\/copie_web_0159_fest_casteliers_09-mars_032-768x576.jpg 768w, https:\/\/festival.casteliers.ca\/festival2014\/wp-content\/uploads\/2024\/03\/copie_web_0159_fest_casteliers_09-mars_032-160x120.jpg 160w, https:\/\/festival.casteliers.ca\/festival2014\/wp-content\/uploads\/2024\/03\/copie_web_0159_fest_casteliers_09-mars_032-1536x1152.jpg 1536w, https:\/\/festival.casteliers.ca\/festival2014\/wp-content\/uploads\/2024\/03\/copie_web_0159_fest_casteliers_09-mars_032-500x375.jpg 500w, https:\/\/festival.casteliers.ca\/festival2014\/wp-content\/uploads\/2024\/03\/copie_web_0159_fest_casteliers_09-mars_032.jpg 2048w\" sizes=\"auto, (max-width: 300px) 100vw, 300px\" \/><\/a>\n\t\t\t<\/dt>\n\t\t\t\t<dd class='wp-caption-text gallery-caption' id='gallery-1-16010'>\n\t\t\t\tMarionnettes Caf\u00e9 \/ Block Theatre. Intercultural family workshop, in collaboration with PROMIS and Festival FIKA(S).\n\t\t\t\t<\/dd><\/dl><dl class='gallery-item'>\n\t\t\t<dt class='gallery-icon landscape'>\n\t\t\t\t<a href='https:\/\/festival.casteliers.ca\/en\/photos-edition-2024\/copie_web_0159_fest_casteliers_10-mars_081-2\/'><img loading=\"lazy\" decoding=\"async\" width=\"300\" height=\"200\" src=\"https:\/\/festival.casteliers.ca\/festival2014\/wp-content\/uploads\/2024\/03\/copie_web_0159_fest_casteliers_10-mars_081-300x200.jpg\" class=\"attachment-medium size-medium\" alt=\"\" aria-describedby=\"gallery-1-16014\" srcset=\"https:\/\/festival.casteliers.ca\/festival2014\/wp-content\/uploads\/2024\/03\/copie_web_0159_fest_casteliers_10-mars_081-300x200.jpg 300w, https:\/\/festival.casteliers.ca\/festival2014\/wp-content\/uploads\/2024\/03\/copie_web_0159_fest_casteliers_10-mars_081-1024x683.jpg 1024w, https:\/\/festival.casteliers.ca\/festival2014\/wp-content\/uploads\/2024\/03\/copie_web_0159_fest_casteliers_10-mars_081-768x512.jpg 768w, https:\/\/festival.casteliers.ca\/festival2014\/wp-content\/uploads\/2024\/03\/copie_web_0159_fest_casteliers_10-mars_081-180x120.jpg 180w, https:\/\/festival.casteliers.ca\/festival2014\/wp-content\/uploads\/2024\/03\/copie_web_0159_fest_casteliers_10-mars_081-1536x1024.jpg 1536w, https:\/\/festival.casteliers.ca\/festival2014\/wp-content\/uploads\/2024\/03\/copie_web_0159_fest_casteliers_10-mars_081.jpg 2048w\" sizes=\"auto, (max-width: 300px) 100vw, 300px\" \/><\/a>\n\t\t\t<\/dt>\n\t\t\t\t<dd class='wp-caption-text gallery-caption' id='gallery-1-16014'>\n\t\t\t\tCaf\u00e9-Causerie : Budding Creations. Alexandra Gorlin-Crenshaw, La Souris (Marcelle Hudon) and Carl B\u00e9chard.\n\t\t\t\t<\/dd><\/dl><br style=\"clear: both\" \/><dl class='gallery-item'>\n\t\t\t<dt class='gallery-icon landscape'>\n\t\t\t\t<a href='https:\/\/festival.casteliers.ca\/en\/photos-edition-2024\/copie_web_0159_fest_casteliers_10-mars_122-2\/'><img loading=\"lazy\" decoding=\"async\" width=\"300\" height=\"200\" src=\"https:\/\/festival.casteliers.ca\/festival2014\/wp-content\/uploads\/2024\/03\/copie_web_0159_fest_casteliers_10-mars_122-300x200.jpg\" class=\"attachment-medium size-medium\" alt=\"\" aria-describedby=\"gallery-1-16016\" srcset=\"https:\/\/festival.casteliers.ca\/festival2014\/wp-content\/uploads\/2024\/03\/copie_web_0159_fest_casteliers_10-mars_122-300x200.jpg 300w, https:\/\/festival.casteliers.ca\/festival2014\/wp-content\/uploads\/2024\/03\/copie_web_0159_fest_casteliers_10-mars_122-1024x683.jpg 1024w, https:\/\/festival.casteliers.ca\/festival2014\/wp-content\/uploads\/2024\/03\/copie_web_0159_fest_casteliers_10-mars_122-768x512.jpg 768w, https:\/\/festival.casteliers.ca\/festival2014\/wp-content\/uploads\/2024\/03\/copie_web_0159_fest_casteliers_10-mars_122-180x120.jpg 180w, https:\/\/festival.casteliers.ca\/festival2014\/wp-content\/uploads\/2024\/03\/copie_web_0159_fest_casteliers_10-mars_122-1536x1024.jpg 1536w, https:\/\/festival.casteliers.ca\/festival2014\/wp-content\/uploads\/2024\/03\/copie_web_0159_fest_casteliers_10-mars_122.jpg 2048w\" sizes=\"auto, (max-width: 300px) 100vw, 300px\" \/><\/a>\n\t\t\t<\/dt>\n\t\t\t\t<dd class='wp-caption-text gallery-caption' id='gallery-1-16016'>\n\t\t\t\tGuided tour of Marionnettes en vitrines! with curator, Pavla Mano.\n\t\t\t\t<\/dd><\/dl>\n\t\t\t<br style='clear: both' \/>\n\t\t<\/div>\n\n","protected":false},"excerpt":{"rendered":"<p>\u00a0 \u00a0 Photos: Christian Brault<\/p>\n","protected":false},"author":6,"featured_media":0,"parent":0,"menu_order":11,"comment_status":"closed","ping_status":"closed","template":"","meta":{"footnotes":""},"class_list":["post-16025","page","type-page","status-publish","hentry"],"yoast_head":"<!-- This site is optimized with the Yoast SEO plugin v24.2 - https:\/\/yoast.com\/wordpress\/plugins\/seo\/ -->\n<title>Photos - 2024 Edition - Festival de Casteliers<\/title>\n<meta name=\"description\" content=\"Images du 19e Festival international de Casteliers, 6-10 mars 2024. Photos : Christian Brault\" \/>\n<meta name=\"robots\" content=\"index, follow, max-snippet:-1, max-image-preview:large, max-video-preview:-1\" \/>\n<link rel=\"canonical\" href=\"https:\/\/festival.casteliers.ca\/en\/photos-edition-2024\/\" \/>\n<meta property=\"og:locale\" content=\"en_US\" \/>\n<meta property=\"og:type\" content=\"article\" \/>\n<meta property=\"og:title\" content=\"Photos - 2024 Edition - Festival de Casteliers\" \/>\n<meta property=\"og:description\" content=\"Images du 19e Festival international de Casteliers, 6-10 mars 2024. Photos : Christian Brault\" \/>\n<meta property=\"og:url\" content=\"https:\/\/festival.casteliers.ca\/en\/photos-edition-2024\/\" \/>\n<meta property=\"og:site_name\" content=\"Festival de Casteliers\" \/>\n<meta property=\"article:publisher\" content=\"https:\/\/www.facebook.com\/casteliers\/\" \/>\n<meta property=\"article:modified_time\" content=\"2024-03-15T18:53:16+00:00\" \/>\n<meta property=\"og:image\" content=\"https:\/\/festival.casteliers.ca\/festival2014\/wp-content\/uploads\/2024\/03\/copie_web_0159_fest_casteliers_06-mars_312-300x200.jpg\" \/>\n<meta name=\"twitter:card\" content=\"summary_large_image\" \/>\n<meta name=\"twitter:label1\" content=\"Est. reading time\" \/>\n\t<meta name=\"twitter:data1\" content=\"1 minute\" \/>\n<script type=\"application\/ld+json\" class=\"yoast-schema-graph\">{\"@context\":\"https:\/\/schema.org\",\"@graph\":[{\"@type\":\"WebPage\",\"@id\":\"https:\/\/festival.casteliers.ca\/en\/photos-edition-2024\/\",\"url\":\"https:\/\/festival.casteliers.ca\/en\/photos-edition-2024\/\",\"name\":\"Photos - 2024 Edition - Festival de Casteliers\",\"isPartOf\":{\"@id\":\"https:\/\/festival.casteliers.ca\/#website\"},\"datePublished\":\"2024-03-15T18:49:48+00:00\",\"dateModified\":\"2024-03-15T18:53:16+00:00\",\"description\":\"Images du 19e Festival international de Casteliers, 6-10 mars 2024. Photos : Christian Brault\",\"breadcrumb\":{\"@id\":\"https:\/\/festival.casteliers.ca\/en\/photos-edition-2024\/#breadcrumb\"},\"inLanguage\":\"en-US\",\"potentialAction\":[{\"@type\":\"ReadAction\",\"target\":[\"https:\/\/festival.casteliers.ca\/en\/photos-edition-2024\/\"]}]},{\"@type\":\"BreadcrumbList\",\"@id\":\"https:\/\/festival.casteliers.ca\/en\/photos-edition-2024\/#breadcrumb\",\"itemListElement\":[{\"@type\":\"ListItem\",\"position\":1,\"name\":\"Accueil\",\"item\":\"https:\/\/festival.casteliers.ca\/en\/\"},{\"@type\":\"ListItem\",\"position\":2,\"name\":\"Photos &#8211; 2024 Edition\"}]},{\"@type\":\"WebSite\",\"@id\":\"https:\/\/festival.casteliers.ca\/#website\",\"url\":\"https:\/\/festival.casteliers.ca\/\",\"name\":\"Festival international de Casteliers\",\"description\":\"Du 2 au 8 mars 2026\",\"potentialAction\":[{\"@type\":\"SearchAction\",\"target\":{\"@type\":\"EntryPoint\",\"urlTemplate\":\"https:\/\/festival.casteliers.ca\/?s={search_term_string}\"},\"query-input\":{\"@type\":\"PropertyValueSpecification\",\"valueRequired\":true,\"valueName\":\"search_term_string\"}}],\"inLanguage\":\"en-US\"}]}<\/script>\n<!-- \/ Yoast SEO plugin. -->","yoast_head_json":{"title":"Photos - 2024 Edition - Festival de Casteliers","description":"Images du 19e Festival international de Casteliers, 6-10 mars 2024. Photos : Christian Brault","robots":{"index":"index","follow":"follow","max-snippet":"max-snippet:-1","max-image-preview":"max-image-preview:large","max-video-preview":"max-video-preview:-1"},"canonical":"https:\/\/festival.casteliers.ca\/en\/photos-edition-2024\/","og_locale":"en_US","og_type":"article","og_title":"Photos - 2024 Edition - Festival de Casteliers","og_description":"Images du 19e Festival international de Casteliers, 6-10 mars 2024. Photos : Christian Brault","og_url":"https:\/\/festival.casteliers.ca\/en\/photos-edition-2024\/","og_site_name":"Festival de Casteliers","article_publisher":"https:\/\/www.facebook.com\/casteliers\/","article_modified_time":"2024-03-15T18:53:16+00:00","og_image":[{"url":"https:\/\/festival.casteliers.ca\/festival2014\/wp-content\/uploads\/2024\/03\/copie_web_0159_fest_casteliers_06-mars_312-300x200.jpg","type":"","width":"","height":""}],"twitter_card":"summary_large_image","twitter_misc":{"Est. reading time":"1 minute"},"schema":{"@context":"https:\/\/schema.org","@graph":[{"@type":"WebPage","@id":"https:\/\/festival.casteliers.ca\/en\/photos-edition-2024\/","url":"https:\/\/festival.casteliers.ca\/en\/photos-edition-2024\/","name":"Photos - 2024 Edition - Festival de Casteliers","isPartOf":{"@id":"https:\/\/festival.casteliers.ca\/#website"},"datePublished":"2024-03-15T18:49:48+00:00","dateModified":"2024-03-15T18:53:16+00:00","description":"Images du 19e Festival international de Casteliers, 6-10 mars 2024. Photos : Christian Brault","breadcrumb":{"@id":"https:\/\/festival.casteliers.ca\/en\/photos-edition-2024\/#breadcrumb"},"inLanguage":"en-US","potentialAction":[{"@type":"ReadAction","target":["https:\/\/festival.casteliers.ca\/en\/photos-edition-2024\/"]}]},{"@type":"BreadcrumbList","@id":"https:\/\/festival.casteliers.ca\/en\/photos-edition-2024\/#breadcrumb","itemListElement":[{"@type":"ListItem","position":1,"name":"Accueil","item":"https:\/\/festival.casteliers.ca\/en\/"},{"@type":"ListItem","position":2,"name":"Photos &#8211; 2024 Edition"}]},{"@type":"WebSite","@id":"https:\/\/festival.casteliers.ca\/#website","url":"https:\/\/festival.casteliers.ca\/","name":"Festival international de Casteliers","description":"Du 2 au 8 mars 2026","potentialAction":[{"@type":"SearchAction","target":{"@type":"EntryPoint","urlTemplate":"https:\/\/festival.casteliers.ca\/?s={search_term_string}"},"query-input":{"@type":"PropertyValueSpecification","valueRequired":true,"valueName":"search_term_string"}}],"inLanguage":"en-US"}]}},"_links":{"self":[{"href":"https:\/\/festival.casteliers.ca\/en\/wp-json\/wp\/v2\/pages\/16025","targetHints":{"allow":["GET"]}}],"collection":[{"href":"https:\/\/festival.casteliers.ca\/en\/wp-json\/wp\/v2\/pages"}],"about":[{"href":"https:\/\/festival.casteliers.ca\/en\/wp-json\/wp\/v2\/types\/page"}],"author":[{"embeddable":true,"href":"https:\/\/festival.casteliers.ca\/en\/wp-json\/wp\/v2\/users\/6"}],"replies":[{"embeddable":true,"href":"https:\/\/festival.casteliers.ca\/en\/wp-json\/wp\/v2\/comments?post=16025"}],"version-history":[{"count":2,"href":"https:\/\/festival.casteliers.ca\/en\/wp-json\/wp\/v2\/pages\/16025\/revisions"}],"predecessor-version":[{"id":16027,"href":"https:\/\/festival.casteliers.ca\/en\/wp-json\/wp\/v2\/pages\/16025\/revisions\/16027"}],"wp:attachment":[{"href":"https:\/\/festival.casteliers.ca\/en\/wp-json\/wp\/v2\/media?parent=16025"}],"curies":[{"name":"wp","href":"https:\/\/api.w.org\/{rel}","templated":true}]}}