{"id":17009,"date":"2025-01-21T10:42:44","date_gmt":"2025-01-21T15:42:44","guid":{"rendered":"https:\/\/festival.casteliers.ca\/?page_id=17009"},"modified":"2026-01-23T17:22:24","modified_gmt":"2026-01-23T22:22:24","slug":"message-from-our-partners-temp","status":"publish","type":"page","link":"https:\/\/festival.casteliers.ca\/en\/message-from-our-partners-temp\/","title":{"rendered":"Word from the dignitaries"},"content":{"rendered":"<hr \/>\n<p>&nbsp;<\/p>\n<table class=\"responsive_table\" style=\"width: 100%; border-collapse: collapse;\">\n<tbody>\n<tr>\n<td style=\"width: 30%; vertical-align: top;\"><a href=\"https:\/\/festival.casteliers.ca\/festival2014\/wp-content\/uploads\/2026\/01\/miller-1.jpg\"><img loading=\"lazy\" decoding=\"async\" class=\"size-medium wp-image-18138\" src=\"https:\/\/festival.casteliers.ca\/festival2014\/wp-content\/uploads\/2026\/01\/miller-1-200x300.jpg\" alt=\"\" width=\"200\" height=\"300\" srcset=\"https:\/\/festival.casteliers.ca\/festival2014\/wp-content\/uploads\/2026\/01\/miller-1-200x300.jpg 200w, https:\/\/festival.casteliers.ca\/festival2014\/wp-content\/uploads\/2026\/01\/miller-1-683x1024.jpg 683w, https:\/\/festival.casteliers.ca\/festival2014\/wp-content\/uploads\/2026\/01\/miller-1-768x1152.jpg 768w, https:\/\/festival.casteliers.ca\/festival2014\/wp-content\/uploads\/2026\/01\/miller-1-80x120.jpg 80w, https:\/\/festival.casteliers.ca\/festival2014\/wp-content\/uploads\/2026\/01\/miller-1-1024x1536.jpg 1024w, https:\/\/festival.casteliers.ca\/festival2014\/wp-content\/uploads\/2026\/01\/miller-1-1366x2048.jpg 1366w, https:\/\/festival.casteliers.ca\/festival2014\/wp-content\/uploads\/2026\/01\/miller-1.jpg 1607w\" sizes=\"auto, (max-width: 200px) 100vw, 200px\" \/><\/a><\/p>\n<p><span style=\"color: #808080;\">\u00a9 Christian Diotte,<br \/>\nHouse of Commons Photo Services<\/span><\/td>\n<td style=\"width: 70%; vertical-align: top;\"><span style=\"font-weight: 400;\">As the Festival international de Casteliers returns to Montr\u00e9al from March 2 to 8, 2026, artists, creators, and audiences from Canada and abroad will gather for an opportunity to exchange, share and create in the art of puppetry.<\/span><\/p>\n<p><span style=\"font-weight: 400;\">For more than two decades, the festival has contributed to the growth and visibility of the art of puppetry locally while maintaining strong international connections, and this year showcasing artists from Canada, France, Belgium, and Italy.<\/span><\/p>\n<p><span style=\"font-weight: 400;\">Through works that explore nature, memory, imagination, and the shared human experience, Casteliers plays a significant role within Canada\u2019s cultural ecosystem and broadens public access to the many facets of this distinctive art form.<\/span><\/p>\n<p><span style=\"font-weight: 400;\">I wish you an enriching festival and extend my thanks to the organizers, artists, and partners whose contributions make this event possible. <\/span><\/p>\n<p>&nbsp;<\/p>\n<p><a href=\"https:\/\/festival.casteliers.ca\/festival2014\/wp-content\/uploads\/2026\/01\/marc-miller-signatue.png\"><img loading=\"lazy\" decoding=\"async\" class=\"alignnone size-full wp-image-18159\" src=\"https:\/\/festival.casteliers.ca\/festival2014\/wp-content\/uploads\/2026\/01\/marc-miller-signatue.png\" alt=\"\" width=\"300\" height=\"129\" srcset=\"https:\/\/festival.casteliers.ca\/festival2014\/wp-content\/uploads\/2026\/01\/marc-miller-signatue.png 300w, https:\/\/festival.casteliers.ca\/festival2014\/wp-content\/uploads\/2026\/01\/marc-miller-signatue-180x77.png 180w\" sizes=\"auto, (max-width: 300px) 100vw, 300px\" \/><\/a><br \/>\n<strong>The Honourable Marc Miller<\/strong><\/p>\n<p>&nbsp;<\/p>\n<h3><b><img loading=\"lazy\" decoding=\"async\" class=\"logo alignnone wp-image-5921\" src=\"https:\/\/festival.casteliers.ca\/festival2014\/wp-content\/uploads\/2018\/01\/canada.jpg\" alt=\"\" width=\"170\" height=\"40\" \/><\/b><\/h3>\n<\/td>\n<\/tr>\n<\/tbody>\n<\/table>\n<p>&nbsp;<\/p>\n<hr \/>\n<p>&nbsp;<\/p>\n<table class=\"responsive_table\" style=\"width: 100%; border-collapse: collapse;\">\n<tbody>\n<tr>\n<td><a href=\"https:\/\/festival.casteliers.ca\/festival2014\/wp-content\/uploads\/2026\/01\/lacombe_mathieu.png\"><img loading=\"lazy\" decoding=\"async\" src=\"https:\/\/festival.casteliers.ca\/festival2014\/wp-content\/uploads\/2026\/01\/lacombe_mathieu.png\" alt=\"\" width=\"200\" height=\"280\" \/><\/a><\/p>\n<p>&nbsp;<\/p>\n<p>&nbsp;<\/p>\n<p>&nbsp;<\/p>\n<p>&nbsp;<\/p>\n<p>&nbsp;<\/td>\n<td style=\"width: 70%; vertical-align: top;\"><b>C\u00e9l\u00e9brons la magie du 11<\/b><b>e<\/b><b>\u00a0art!<\/b><\/p>\n<p><span style=\"font-weight: 400;\">Depuis plus de\u00a0deux\u00a0d\u00e9cennies, le Festival international de Casteliers nous invite \u00e0 explorer des univers o\u00f9 l\u2019imaginaire s\u2019\u00e9panouit et o\u00f9 et la po\u00e9sie se glisse dans chaque geste. Cette rencontre unique permet de r\u00e9v\u00e9ler toute la cr\u00e9ativit\u00e9 et le talent des marionnettistes d\u2019ici et d\u2019ailleurs, devant un public conquis et des diffuseurs et programmateurs venus du monde entier.\u00a0<\/span><\/p>\n<p><span style=\"font-weight: 400;\">Le gouvernement est fier de soutenir cette c\u00e9l\u00e9bration du\u00a011<\/span><span style=\"font-weight: 400;\">e<\/span><span style=\"font-weight: 400;\">\u00a0art. F\u00e9licitations \u00e0 l\u2019\u00e9quipe organisatrice, et merci aux partenaires ainsi qu\u2019aux artistes dont la passion et l\u2019engagement font na\u00eetre des instants d\u2019\u00e9merveillement et de d\u00e9couverte.\u00a0<\/span><\/p>\n<p><span style=\"font-weight: 400;\">Bon festival \u00e0 tous!<\/span><\/p>\n<p>&nbsp;<\/p>\n<p><strong>Mathieu\u00a0Lacombe<\/strong><\/p>\n<p>Ministre de la Culture et des Communications<br \/>\nMinistre responsable de la r\u00e9gion de l\u2019Outaouais<\/p>\n<p>&nbsp;<\/p>\n<p><img loading=\"lazy\" decoding=\"async\" class=\"alignnone wp-image-16665 size-full\" src=\"https:\/\/festival.casteliers.ca\/festival2014\/wp-content\/uploads\/2025\/01\/logo-mathieu-lacombe-site-e1737498588983.png\" alt=\"\" width=\"400\" height=\"60\" \/><\/td>\n<\/tr>\n<\/tbody>\n<\/table>\n<p>&nbsp;<\/p>\n<hr \/>\n<p>&nbsp;<\/p>\n<table class=\"responsive_table\" style=\"width: 100%; border-collapse: collapse;\">\n<tbody>\n<tr style=\"height: 23px;\">\n<td style=\"width: 30%; vertical-align: top;\"><a href=\"https:\/\/festival.casteliers.ca\/festival2014\/wp-content\/uploads\/2026\/01\/photo-nathalie-maille_cam_cr_normand-huberdeau.png\"><img loading=\"lazy\" decoding=\"async\" src=\"https:\/\/festival.casteliers.ca\/festival2014\/wp-content\/uploads\/2026\/01\/photo-nathalie-maille_cam_cr_normand-huberdeau.png\" alt=\"\" width=\"200\" height=\"300\" \/><\/a><\/p>\n<p style=\"text-align: left;\"><span style=\"color: #808080;\">\u00a9 Normand Huberdeau<\/span><\/p>\n<\/td>\n<td style=\"width: 70%; vertical-align: top;\"><span style=\"font-weight: 400;\">Montr\u00e9al\u2019s Festival international de Casteliers brings a unique spirit to the magical world of puppetry. A true hub of wonder, this festival offers an exciting mix of performances where materials, shadows, and objects are transformed into a language of their own. Casteliers creates a wealth of meetups and residencies for artists to network and collaborate, while building international connections that are sure to inspire our collective imagination. The Conseil is proud to have been a supporter for nearly 20 years.\u00a0<\/span><\/p>\n<p><span style=\"font-weight: 400;\">This 21<\/span><span style=\"font-weight: 400;\">st<\/span><span style=\"font-weight: 400;\"> edition marks a new beginning, with the arrival of Myriam\u00a0Larose as its Artistic Director and the visionary legacy of Louise\u00a0Lapointe, whose work we cherish and applaud. Have a great festival and enjoy the shows! <\/span><\/p>\n<p><img loading=\"lazy\" decoding=\"async\" class=\"alignnone wp-image-12098 size-full\" src=\"https:\/\/festival.casteliers.ca\/festival2014\/wp-content\/uploads\/2022\/02\/signature.nathalie.maille2-3-e1737498624155.jpg\" alt=\"\" width=\"300\" height=\"113\" \/><\/p>\n<p><strong>Nathalie Maill\u00e9<\/strong><\/p>\n<p><span style=\"font-weight: 400;\">Executive Director<br \/>\n<\/span><span style=\"font-weight: 400;\">Conseil des arts de Montr\u00e9al<\/span><\/p>\n<p><img loading=\"lazy\" decoding=\"async\" class=\"logo alignnone wp-image-12085\" src=\"https:\/\/festival.casteliers.ca\/festival2014\/wp-content\/uploads\/2022\/02\/cam-logo-facebook-1-1-300x300.png\" alt=\"\" width=\"141\" height=\"141\" srcset=\"https:\/\/festival.casteliers.ca\/festival2014\/wp-content\/uploads\/2022\/02\/cam-logo-facebook-1-1-300x300.png 300w, https:\/\/festival.casteliers.ca\/festival2014\/wp-content\/uploads\/2022\/02\/cam-logo-facebook-1-1-1024x1024.png 1024w, https:\/\/festival.casteliers.ca\/festival2014\/wp-content\/uploads\/2022\/02\/cam-logo-facebook-1-1-150x150.png 150w, https:\/\/festival.casteliers.ca\/festival2014\/wp-content\/uploads\/2022\/02\/cam-logo-facebook-1-1-768x768.png 768w, https:\/\/festival.casteliers.ca\/festival2014\/wp-content\/uploads\/2022\/02\/cam-logo-facebook-1-1-120x120.png 120w, https:\/\/festival.casteliers.ca\/festival2014\/wp-content\/uploads\/2022\/02\/cam-logo-facebook-1-1.png 1500w\" sizes=\"auto, (max-width: 141px) 100vw, 141px\" \/><\/td>\n<\/tr>\n<\/tbody>\n<\/table>\n<p>&nbsp;<\/p>\n<hr \/>\n<p>&nbsp;<\/p>\n<table class=\"responsive_table\" style=\"width: 100%; border-collapse: collapse; height: 457px;\">\n<tbody>\n<tr style=\"height: 23px;\">\n<td style=\"height: 457px;\"><img loading=\"lazy\" decoding=\"async\" class=\"alignnone wp-image-18143 size-medium\" style=\"max-width: 200px;\" src=\"https:\/\/festival.casteliers.ca\/festival2014\/wp-content\/uploads\/2026\/01\/caroline-braun-1-e1768762988707-220x300.jpg\" alt=\"\" width=\"220\" height=\"300\" srcset=\"https:\/\/festival.casteliers.ca\/festival2014\/wp-content\/uploads\/2026\/01\/caroline-braun-1-e1768762988707-220x300.jpg 220w, https:\/\/festival.casteliers.ca\/festival2014\/wp-content\/uploads\/2026\/01\/caroline-braun-1-e1768762988707-750x1024.jpg 750w, https:\/\/festival.casteliers.ca\/festival2014\/wp-content\/uploads\/2026\/01\/caroline-braun-1-e1768762988707-768x1048.jpg 768w, https:\/\/festival.casteliers.ca\/festival2014\/wp-content\/uploads\/2026\/01\/caroline-braun-1-e1768762988707-88x120.jpg 88w, https:\/\/festival.casteliers.ca\/festival2014\/wp-content\/uploads\/2026\/01\/caroline-braun-1-e1768762988707.jpg 812w\" sizes=\"auto, (max-width: 220px) 100vw, 220px\" \/><\/p>\n<p>&nbsp;<\/p>\n<p>&nbsp;<\/p>\n<p>&nbsp;<\/p>\n<p>&nbsp;<\/p>\n<p>&nbsp;<\/p>\n<p>&nbsp;<\/p>\n<p>&nbsp;<\/p>\n<p>&nbsp;<\/td>\n<td style=\"width: 70%; vertical-align: top; height: 457px;\"><span style=\"font-weight: 400;\">What a joy to welcome the Festival international de Casteliers back for its 21st edition! Outremont will move to the rhythm of puppetry, the \u201c11th art\u201d that amazes and unites us all. Once again this year, talented artists from around the world will share their creativity and passion with the young and young-at-heart. Get ready to experience some truly magical moments!<\/span><\/p>\n<p><span style=\"font-weight: 400;\">We are proud that our borough is home to Les Casteliers, creators and purveyors of culture. Their exceptional efforts enrich our community and extend Outremont\u2019s cultural influence far beyond the borough. To underscore our identity as a puppet-friendly city, in 2025 we dedicated a mural and an outdoor space in honour of the great Micheline Legendre, a pioneer of puppetry in Qu\u00e9bec and internationally. A well-deserved tribute to this inspiring <\/span><i><span style=\"font-weight: 400;\">Outremontaise<\/span><\/i><span style=\"font-weight: 400;\">!<\/span><\/p>\n<p><span style=\"font-weight: 400;\">I invite you to come discover, laugh, dream and marvel at the Festival international de Casteliers, a unique event that provides us all with an opportunity to immerse ourselves in culture and share unforgettable experiences. Don\u2019t miss this exceptional happening!<\/span><\/p>\n<p><a href=\"https:\/\/festival.casteliers.ca\/festival2014\/wp-content\/uploads\/2026\/01\/signature-caroline_braun.png\"><img loading=\"lazy\" decoding=\"async\" class=\"alignnone size-full wp-image-18157\" src=\"https:\/\/festival.casteliers.ca\/festival2014\/wp-content\/uploads\/2026\/01\/signature-caroline_braun.png\" alt=\"\" width=\"100\" height=\"111\" \/><\/a><br \/>\n<strong>Caroline Braun<\/strong><\/p>\n<p><span style=\"font-weight: 400;\">Outremont Borough Mayor<\/span><\/p>\n<p><a href=\"https:\/\/festival.casteliers.ca\/festival2014\/wp-content\/uploads\/2015\/01\/logo_outremont-e1768681129462.png\"><img loading=\"lazy\" decoding=\"async\" class=\"alignnone size-full wp-image-1488\" src=\"https:\/\/festival.casteliers.ca\/festival2014\/wp-content\/uploads\/2015\/01\/logo_outremont-e1768681129462.png\" alt=\"\" width=\"180\" height=\"120\" \/><\/a><\/td>\n<\/tr>\n<\/tbody>\n<\/table>\n<p>&nbsp;<\/p>\n<p>&nbsp;<\/p>\n<hr \/>\n<p>&nbsp;<\/p>\n<table class=\"responsive_table\" style=\"width: 100%; border-collapse: collapse;\">\n<tbody>\n<tr style=\"height: 23px;\">\n<td style=\"width: 30%; vertical-align: top;\"><a href=\"https:\/\/festival.casteliers.ca\/festival2014\/wp-content\/uploads\/2026\/01\/dgda.jpg\"><img loading=\"lazy\" decoding=\"async\" class=\"alignnone size-medium wp-image-18835\" src=\"https:\/\/festival.casteliers.ca\/festival2014\/wp-content\/uploads\/2026\/01\/dgda-300x200.jpg\" alt=\"\" width=\"300\" height=\"200\" srcset=\"https:\/\/festival.casteliers.ca\/festival2014\/wp-content\/uploads\/2026\/01\/dgda-300x200.jpg 300w, https:\/\/festival.casteliers.ca\/festival2014\/wp-content\/uploads\/2026\/01\/dgda-1024x683.jpg 1024w, https:\/\/festival.casteliers.ca\/festival2014\/wp-content\/uploads\/2026\/01\/dgda-768x512.jpg 768w, https:\/\/festival.casteliers.ca\/festival2014\/wp-content\/uploads\/2026\/01\/dgda-180x120.jpg 180w, https:\/\/festival.casteliers.ca\/festival2014\/wp-content\/uploads\/2026\/01\/dgda.jpg 1417w\" sizes=\"auto, (max-width: 300px) 100vw, 300px\" \/><\/a><\/p>\n<p>Myriame Larose &amp; Genevi\u00e8ve Therrien<\/p>\n<p><span style=\"color: #808080;\">\u00a9 Christian Brault<\/span><\/p>\n<p>&nbsp;<\/p>\n<p>&nbsp;<\/p>\n<p>&nbsp;<\/p>\n<p>&nbsp;<\/p>\n<p>&nbsp;<\/p>\n<p>&nbsp;<\/p>\n<p>&nbsp;<\/p>\n<p>&nbsp;<\/p>\n<p>&nbsp;<\/p>\n<p>&nbsp;<\/p>\n<p>&nbsp;<\/p>\n<p>&nbsp;<\/p>\n<p>&nbsp;<\/p>\n<p>&nbsp;<\/p>\n<p>&nbsp;<\/p>\n<p>&nbsp;<\/td>\n<td style=\"width: 70%; vertical-align: top;\"><strong><em>What brings us together<\/em><\/strong><\/p>\n<p>This 21st edition of Festival international de\u00a0Casteliers, festival founder Louise Lapointe\u2019s final opus, celebrates object theatre by showcasing its pioneers, those who are currently reinventing the art form, as well as the next generation of innovative artists. Shows that are like portraits; works that examine humanity both in its internal workings and through its failures and weaknesses, with plenty of humour, a touch of lightness and, above all, remarkable inventiveness. Other puppetry forms, both experimental and traditional, round out this selection of works, reflecting the vitality of the 11th art!<\/p>\n<p>Above all, we believe a festival is an opportunity to come together, get to know each other, reconnect, challenge ourselves, break down barriers between artistic practices, shine a spotlight on creative work, and make it accessible to everyone. We believe that performing arts can make a difference, that puppetry is powerful, and that a festival on a human scale can have a huge impact on the community.<\/p>\n<p>Casteliers wishes to thank its many public and private partners for their vital support. Their contributions ensure the continued success of this annual event, where audiences, artists from here and abroad, and puppets converge!<\/p>\n<p>&nbsp;<\/p>\n<p>Enjoy the festival!<\/p>\n<p>&nbsp;<\/p>\n<p><a href=\"https:\/\/festival.casteliers.ca\/festival2014\/wp-content\/uploads\/2026\/01\/signature-myriame-1.png\"><img loading=\"lazy\" decoding=\"async\" src=\"https:\/\/festival.casteliers.ca\/festival2014\/wp-content\/uploads\/2026\/01\/signature-myriame-1.png\" alt=\"\" width=\"200\" height=\"75\" \/><\/a><br \/>\n<strong>Myriame Larose<br \/>\n<\/strong>Artistic Director<\/p>\n<p>&nbsp;<\/p>\n<p><img loading=\"lazy\" decoding=\"async\" class=\"alignnone wp-image-13050 size-full\" src=\"https:\/\/festival.casteliers.ca\/festival2014\/wp-content\/uploads\/2023\/01\/signature_genevieve-jan-2023-e1737498878359.jpg\" alt=\"\" width=\"180\" height=\"68\" \/><\/p>\n<p><strong>Genevi\u00e8ve Therrien<br \/>\n<\/strong>Executive Director<\/p>\n<p>&nbsp;<\/p>\n<p><img loading=\"lazy\" decoding=\"async\" class=\"logo alignnone wp-image-14494\" src=\"https:\/\/festival.casteliers.ca\/festival2014\/wp-content\/uploads\/2024\/01\/casteliers_logo_h_noir_rgb-e1737498832516.jpg\" alt=\"\" width=\"360\" height=\"161\" \/><\/td>\n<\/tr>\n<\/tbody>\n<\/table>\n<p>&nbsp;<\/p>\n<hr \/>\n<p>&nbsp;<\/p>\n","protected":false},"excerpt":{"rendered":"<p>&nbsp; \u00a9 Christian Diotte, House of Commons Photo Services As the Festival international de Casteliers returns to Montr\u00e9al from March 2 to 8, 2026, artists, creators, and audiences from Canada and abroad will gather for an opportunity to exchange, share and create in the art of puppetry. For more than two decades, the festival has [&hellip;]<\/p>\n","protected":false},"author":6,"featured_media":0,"parent":0,"menu_order":21,"comment_status":"closed","ping_status":"closed","template":"","meta":{"footnotes":""},"class_list":["post-17009","page","type-page","status-publish","hentry"],"yoast_head":"<!-- This site is optimized with the Yoast SEO plugin v24.2 - https:\/\/yoast.com\/wordpress\/plugins\/seo\/ -->\n<title>Word from the dignitaries - Festival de Casteliers<\/title>\n<meta name=\"robots\" content=\"index, follow, max-snippet:-1, max-image-preview:large, max-video-preview:-1\" \/>\n<link rel=\"canonical\" href=\"https:\/\/festival.casteliers.ca\/en\/message-from-our-partners-temp\/\" \/>\n<meta property=\"og:locale\" content=\"en_US\" \/>\n<meta property=\"og:type\" content=\"article\" \/>\n<meta property=\"og:title\" content=\"Word from the dignitaries - Festival de Casteliers\" \/>\n<meta property=\"og:description\" content=\"&nbsp; \u00a9 Christian Diotte, House of Commons Photo Services As the Festival international de Casteliers returns to Montr\u00e9al from March 2 to 8, 2026, artists, creators, and audiences from Canada and abroad will gather for an opportunity to exchange, share and create in the art of puppetry. For more than two decades, the festival has [&hellip;]\" \/>\n<meta property=\"og:url\" content=\"https:\/\/festival.casteliers.ca\/en\/message-from-our-partners-temp\/\" \/>\n<meta property=\"og:site_name\" content=\"Festival de Casteliers\" \/>\n<meta property=\"article:publisher\" content=\"https:\/\/www.facebook.com\/casteliers\/\" \/>\n<meta property=\"article:modified_time\" content=\"2026-01-23T22:22:24+00:00\" \/>\n<meta property=\"og:image\" content=\"https:\/\/festival.casteliers.ca\/festival2014\/wp-content\/uploads\/2026\/01\/miller-1.jpg\" \/>\n\t<meta property=\"og:image:width\" content=\"1607\" \/>\n\t<meta property=\"og:image:height\" content=\"2410\" \/>\n\t<meta property=\"og:image:type\" content=\"image\/jpeg\" \/>\n<meta name=\"twitter:card\" content=\"summary_large_image\" \/>\n<meta name=\"twitter:label1\" content=\"Est. reading time\" \/>\n\t<meta name=\"twitter:data1\" content=\"8 minutes\" \/>\n<script type=\"application\/ld+json\" class=\"yoast-schema-graph\">{\"@context\":\"https:\/\/schema.org\",\"@graph\":[{\"@type\":\"WebPage\",\"@id\":\"https:\/\/festival.casteliers.ca\/en\/message-from-our-partners-temp\/\",\"url\":\"https:\/\/festival.casteliers.ca\/en\/message-from-our-partners-temp\/\",\"name\":\"Word from the dignitaries - Festival de Casteliers\",\"isPartOf\":{\"@id\":\"https:\/\/festival.casteliers.ca\/#website\"},\"primaryImageOfPage\":{\"@id\":\"https:\/\/festival.casteliers.ca\/en\/message-from-our-partners-temp\/#primaryimage\"},\"image\":{\"@id\":\"https:\/\/festival.casteliers.ca\/en\/message-from-our-partners-temp\/#primaryimage\"},\"thumbnailUrl\":\"https:\/\/festival.casteliers.ca\/festival2014\/wp-content\/uploads\/2026\/01\/miller-1-200x300.jpg\",\"datePublished\":\"2025-01-21T15:42:44+00:00\",\"dateModified\":\"2026-01-23T22:22:24+00:00\",\"breadcrumb\":{\"@id\":\"https:\/\/festival.casteliers.ca\/en\/message-from-our-partners-temp\/#breadcrumb\"},\"inLanguage\":\"en-US\",\"potentialAction\":[{\"@type\":\"ReadAction\",\"target\":[\"https:\/\/festival.casteliers.ca\/en\/message-from-our-partners-temp\/\"]}]},{\"@type\":\"ImageObject\",\"inLanguage\":\"en-US\",\"@id\":\"https:\/\/festival.casteliers.ca\/en\/message-from-our-partners-temp\/#primaryimage\",\"url\":\"https:\/\/festival.casteliers.ca\/festival2014\/wp-content\/uploads\/2026\/01\/miller-1-200x300.jpg\",\"contentUrl\":\"https:\/\/festival.casteliers.ca\/festival2014\/wp-content\/uploads\/2026\/01\/miller-1-200x300.jpg\"},{\"@type\":\"BreadcrumbList\",\"@id\":\"https:\/\/festival.casteliers.ca\/en\/message-from-our-partners-temp\/#breadcrumb\",\"itemListElement\":[{\"@type\":\"ListItem\",\"position\":1,\"name\":\"Accueil\",\"item\":\"https:\/\/festival.casteliers.ca\/en\/\"},{\"@type\":\"ListItem\",\"position\":2,\"name\":\"Word from the dignitaries\"}]},{\"@type\":\"WebSite\",\"@id\":\"https:\/\/festival.casteliers.ca\/#website\",\"url\":\"https:\/\/festival.casteliers.ca\/\",\"name\":\"Festival international de Casteliers\",\"description\":\"Du 2 au 8 mars 2026\",\"potentialAction\":[{\"@type\":\"SearchAction\",\"target\":{\"@type\":\"EntryPoint\",\"urlTemplate\":\"https:\/\/festival.casteliers.ca\/?s={search_term_string}\"},\"query-input\":{\"@type\":\"PropertyValueSpecification\",\"valueRequired\":true,\"valueName\":\"search_term_string\"}}],\"inLanguage\":\"en-US\"}]}<\/script>\n<!-- \/ Yoast SEO plugin. -->","yoast_head_json":{"title":"Word from the dignitaries - Festival de Casteliers","robots":{"index":"index","follow":"follow","max-snippet":"max-snippet:-1","max-image-preview":"max-image-preview:large","max-video-preview":"max-video-preview:-1"},"canonical":"https:\/\/festival.casteliers.ca\/en\/message-from-our-partners-temp\/","og_locale":"en_US","og_type":"article","og_title":"Word from the dignitaries - Festival de Casteliers","og_description":"&nbsp; \u00a9 Christian Diotte, House of Commons Photo Services As the Festival international de Casteliers returns to Montr\u00e9al from March 2 to 8, 2026, artists, creators, and audiences from Canada and abroad will gather for an opportunity to exchange, share and create in the art of puppetry. For more than two decades, the festival has [&hellip;]","og_url":"https:\/\/festival.casteliers.ca\/en\/message-from-our-partners-temp\/","og_site_name":"Festival de Casteliers","article_publisher":"https:\/\/www.facebook.com\/casteliers\/","article_modified_time":"2026-01-23T22:22:24+00:00","og_image":[{"width":1607,"height":2410,"url":"https:\/\/festival.casteliers.ca\/festival2014\/wp-content\/uploads\/2026\/01\/miller-1.jpg","type":"image\/jpeg"}],"twitter_card":"summary_large_image","twitter_misc":{"Est. reading time":"8 minutes"},"schema":{"@context":"https:\/\/schema.org","@graph":[{"@type":"WebPage","@id":"https:\/\/festival.casteliers.ca\/en\/message-from-our-partners-temp\/","url":"https:\/\/festival.casteliers.ca\/en\/message-from-our-partners-temp\/","name":"Word from the dignitaries - Festival de Casteliers","isPartOf":{"@id":"https:\/\/festival.casteliers.ca\/#website"},"primaryImageOfPage":{"@id":"https:\/\/festival.casteliers.ca\/en\/message-from-our-partners-temp\/#primaryimage"},"image":{"@id":"https:\/\/festival.casteliers.ca\/en\/message-from-our-partners-temp\/#primaryimage"},"thumbnailUrl":"https:\/\/festival.casteliers.ca\/festival2014\/wp-content\/uploads\/2026\/01\/miller-1-200x300.jpg","datePublished":"2025-01-21T15:42:44+00:00","dateModified":"2026-01-23T22:22:24+00:00","breadcrumb":{"@id":"https:\/\/festival.casteliers.ca\/en\/message-from-our-partners-temp\/#breadcrumb"},"inLanguage":"en-US","potentialAction":[{"@type":"ReadAction","target":["https:\/\/festival.casteliers.ca\/en\/message-from-our-partners-temp\/"]}]},{"@type":"ImageObject","inLanguage":"en-US","@id":"https:\/\/festival.casteliers.ca\/en\/message-from-our-partners-temp\/#primaryimage","url":"https:\/\/festival.casteliers.ca\/festival2014\/wp-content\/uploads\/2026\/01\/miller-1-200x300.jpg","contentUrl":"https:\/\/festival.casteliers.ca\/festival2014\/wp-content\/uploads\/2026\/01\/miller-1-200x300.jpg"},{"@type":"BreadcrumbList","@id":"https:\/\/festival.casteliers.ca\/en\/message-from-our-partners-temp\/#breadcrumb","itemListElement":[{"@type":"ListItem","position":1,"name":"Accueil","item":"https:\/\/festival.casteliers.ca\/en\/"},{"@type":"ListItem","position":2,"name":"Word from the dignitaries"}]},{"@type":"WebSite","@id":"https:\/\/festival.casteliers.ca\/#website","url":"https:\/\/festival.casteliers.ca\/","name":"Festival international de Casteliers","description":"Du 2 au 8 mars 2026","potentialAction":[{"@type":"SearchAction","target":{"@type":"EntryPoint","urlTemplate":"https:\/\/festival.casteliers.ca\/?s={search_term_string}"},"query-input":{"@type":"PropertyValueSpecification","valueRequired":true,"valueName":"search_term_string"}}],"inLanguage":"en-US"}]}},"_links":{"self":[{"href":"https:\/\/festival.casteliers.ca\/en\/wp-json\/wp\/v2\/pages\/17009","targetHints":{"allow":["GET"]}}],"collection":[{"href":"https:\/\/festival.casteliers.ca\/en\/wp-json\/wp\/v2\/pages"}],"about":[{"href":"https:\/\/festival.casteliers.ca\/en\/wp-json\/wp\/v2\/types\/page"}],"author":[{"embeddable":true,"href":"https:\/\/festival.casteliers.ca\/en\/wp-json\/wp\/v2\/users\/6"}],"replies":[{"embeddable":true,"href":"https:\/\/festival.casteliers.ca\/en\/wp-json\/wp\/v2\/comments?post=17009"}],"version-history":[{"count":30,"href":"https:\/\/festival.casteliers.ca\/en\/wp-json\/wp\/v2\/pages\/17009\/revisions"}],"predecessor-version":[{"id":18155,"href":"https:\/\/festival.casteliers.ca\/en\/wp-json\/wp\/v2\/pages\/17009\/revisions\/18155"}],"wp:attachment":[{"href":"https:\/\/festival.casteliers.ca\/en\/wp-json\/wp\/v2\/media?parent=17009"}],"curies":[{"name":"wp","href":"https:\/\/api.w.org\/{rel}","templated":true}]}}