{"id":20,"date":"2013-11-28T17:50:25","date_gmt":"2013-11-28T16:50:25","guid":{"rendered":"http:\/\/festival.casteliers.ca\/festival2014\/?page_id=20"},"modified":"2026-01-30T04:59:58","modified_gmt":"2026-01-30T09:59:58","slug":"venues","status":"publish","type":"page","link":"https:\/\/festival.casteliers.ca\/en\/venues\/","title":{"rendered":"Venues"},"content":{"rendered":"<div class=\"callout-big\">\n<div class=\"callout-big\"><\/div>\n<\/div>\n<div><\/div>\n<p><b>A MEETING PLACE FOR ALL PEOPLES\u00a0<\/b><\/p>\n<p>Casteliers is located on the traditional territory of Tiohti\u00e1:ke, a place of gathering and exchange for the Indigenous Peoples for thousands of years. By welcoming artists from all over the world, we honour this tradition in a spirit of friendship, respect, and reconciliation with our Indigenous brothers and sisters, whose deep connection with nature and all that makes it what it is, we admire.<\/p>\n<div class=\"callout-big\">\n<div class=\"callout-big\">\n<p>&nbsp;<\/p>\n<\/div>\n<\/div>\n<p><strong>ACCESSIBILITY<\/strong><\/p>\n<p>Casteliers is committed to ensuring that festival venues are accessible to people with reduced mobility, but cannot guarantee universal access. Please contact the relevant venue to confirm specific access parameters.<\/p>\n<p>&nbsp;<\/p>\n<p><b>TRANSPORTATION<\/b><\/p>\n<p>Casteliers encourages eco-friendly, active modes of transportation!<br \/>\nMobile application : <a href=\"https:\/\/citymapper.com\/montreal\" target=\"_blank\" rel=\"noopener\">https:\/\/citymapper.com\/montreal<\/a><br \/>\nMobilit\u00e9 Montr\u00e9al : <a href=\"https:\/\/mobilitymontreal.gouv.qc.ca\/tools\/active-transportation\/\" target=\"_blank\" rel=\"noopener\">https:\/\/mobilitemontreal.gouv.qc.ca\/outils\/transport-actif\/<\/a><br \/>\nSoci\u00e9t\u00e9 de transport de Montr\u00e9al (STM) : <a href=\"https:\/\/www.stm.info\/en\" target=\"_blank\" rel=\"noopener\">www.stm.info<\/a><br \/>\nChrono, transit app (STM) : <a href=\"https:\/\/www.stm.info\/en\/info\/advice\/ways-view-bus-schedules\/mobile-apps-gallery\" target=\"_blank\" rel=\"noopener\"><span class=\"s1\">https:\/\/www.stm.info\/en\/info\/advice\/ways-view-bus-schedules\/mobile-apps-gallery<\/span><\/a><br \/>\nTaxelco shared taxis : 514 273-0733 <a href=\"https:\/\/taxelco.com\/en\/\" target=\"_blank\" rel=\"noopener\">https:\/\/taxelco.com\/<\/a><\/p>\n<p>&nbsp;<\/p>\n<hr \/>\n<p>&nbsp;<\/p>\n<p><strong>Th\u00e9\u00e2tre Outremont<\/strong><br \/>\n1248 Bernard Avenue West<br \/>\nMontr\u00e9al (Qu\u00e9bec)\u00a0 H2V 2V6<br \/>\nPhone: 514-495-9944, ext. #1<br \/>\n<span class=\"w8qArf\">Shows:<\/span><em><span class=\"w8qArf\"><i> La vraie fausse conf\u00e9rence, Une travers\u00e9e<br \/>\n<\/i><\/span><\/em><span class=\"w8qArf\">Exhibition:\u00a0<\/span><em><span class=\"w8qArf\"><i> Marionnettes sur pochettes<br \/>\n<\/i><\/span><\/em><i><\/i>Events:<em> Caf\u00e9-causerie : Budding Creations, Roundtable discussion<br \/>\n<\/em><a href=\"https:\/\/www.google.ca\/maps\/preview#!q=1248%2C+avenue+Bernard+Ouest%2C+Outremont+(Qu\u00e9bec)+H2V+2V6&amp;data=!4m15!2m14!1m13!1s0x4cc9199d34ca30bd%3A0xa65a65a309b6e6d!3m8!1m3!1d192061!2d-73.7303025!3d45.558042!3m2!1i1286!2i825!4f13.1!4m2!3d45.5201074!4d-73.6089561\" target=\"_blank\" rel=\"noopener\">MAP<\/a><\/p>\n<div class=\"callout-small\">\n<p><strong>Accessibility:<\/strong> Direct access from the street; Accessible washroom.<br \/>\n<strong>Transportation:<\/strong> Outremont m\u00e9tro station<\/p>\n<p>&nbsp;<\/p>\n<\/div>\n<p><strong>Maison internationale des arts de la marionnette (MIAM)<\/strong><br \/>\n30 Saint-Just Avenue<br \/>\nMontr\u00e9al (Qu\u00e9bec) H2V 1X8<br \/>\nPhone: 514-270-2717<span class=\"w8qArf\"><em><br \/>\n<\/em><\/span>Events: Object theatre workshops (3 to 7 years) and stop motion animation workshop (8 years +)<br \/>\n<a href=\"https:\/\/www.google.com\/maps\/place\/Maison+internationale+des+arts+de+la+marionnette\/@45.5178107,-73.6073663,15z\/data=!4m2!3m1!1s0x0:0x6d6cfb0c17293d87?ved=2ahUKEwi62_jgmfPfAhUS0FkKHdvOCxcQ_BIwCnoECAQQCA\" target=\"_blank\" rel=\"noopener\">MAP<\/a><\/p>\n<div class=\"callout-small\">\n<p><strong>Accessibility:<\/strong> Venue on the ground floor; Wheelchair access ramp; Three (3) outdoor steps; Accessible washroom.<br \/>\n<strong>Transportation:<\/strong> Outremont m\u00e9tro station<\/p>\n<p>&nbsp;<\/p>\n<\/div>\n<p><strong>Paul-G\u00e9rin-Lajoie-d\u2019Outremont (PGLO) High School Auditorium<br \/>\n<\/strong>475 Bloomfield Avenue<br \/>\nMontr\u00e9al (Qu\u00e9bec)\u00a0 H2V 3R9<br \/>\nShows: <i>Cin\u00e9-Casteliers, Viva!, DADDY<\/i><span class=\"w8qArf\"><em><br \/>\n<\/em><\/span><a href=\"https:\/\/www.google.ca\/maps\/place\/Paul-G%C3%A9rin-Lajoie-d'Outremont\/@45.519779,-73.605965,15z\/data=!4m2!3m1!1s0x0:0x71cd67d1e7b84b09\" target=\"_blank\" rel=\"noopener\">MAP<\/a><\/p>\n<div class=\"callout-small\">\n<p><strong>Accessibility:<\/strong> Wheelchair access ramp to main entrance; five (5) indoor steps down to the venue.<br \/>\n<strong>Transportation:<\/strong> Outremont m\u00e9tro station<\/p>\n<\/div>\n<div>\n<p>&nbsp;<\/p>\n<\/div>\n<p><strong>Th\u00e9\u00e2tre Aux \u00c9curies<\/strong><br \/>\n7285 Chabot Street<br \/>\nMontr\u00e9al (Qu\u00e9bec) H2E 2K7<br \/>\nPhone: 514-844-1811<br \/>\nShows: <i>R\u00e9alit\u00e9s parall\u00e8les<\/i><em><br \/>\n<\/em><a href=\"https:\/\/maps.app.goo.gl\/AZ9xMjeqsS8uY8HN8\" target=\"_blank\" rel=\"noopener\">MAP<\/a><\/p>\n<p><strong>Accessibility:<\/strong> Universal<br \/>\n<strong>Transportation:<\/strong> Fabre m\u00e9tro station<\/p>\n<div>\n<p>&nbsp;<\/p>\n<p><strong>L\u2019Illusion, Th\u00e9\u00e2tre de marionnettes<br \/>\n<\/strong>6430 Saint-Denis Street<br \/>\nMontr\u00e9al (Qu\u00e9bec) H2S 2R7<br \/>\nPhone: 514-523-1303<br \/>\nShows: <i>Absence des extraterrestres, Incarnations transitoires<\/i><em><br \/>\n<\/em><a href=\"https:\/\/maps.app.goo.gl\/8mkMUrNGsw8GKccF6\" target=\"_blank\" rel=\"noopener\">MAP<\/a><\/p>\n<p><strong>Accessibility:<\/strong> Universal<br \/>\n<strong>Transportation:<\/strong> Beaubien m\u00e9tro station<\/p>\n<\/div>\n<p>&nbsp;<\/p>\n<div class=\"callout-big\">\n<div class=\"callout-small\">\n<p><strong>La Chapelle Sc\u00e8nes Contemporaines<br \/>\n<\/strong>3700 Saint-Dominique Streeet<br \/>\nMontr\u00e9al (Qu\u00e9bec)\u00a0H2X 2X8<br \/>\nPhone: 514-843-7738<br \/>\nShow: <i>Whalefall<\/i><em><br \/>\n<\/em><a href=\"https:\/\/maps.app.goo.gl\/4Mc8RER25aBHPBLh9\" target=\"_blank\" rel=\"noopener\">MAP<\/a><\/p>\n<p><strong>Accessibility:<\/strong> The venue is accessible via about ten steps and does not have an elevator.<br \/>\n<strong>Transportation: <\/strong>Sherbrooke m\u00e9tro station<\/p>\n<p>&nbsp;<\/p>\n<\/div>\n<p><strong>Centaur Theatre<br \/>\n<\/strong>453 Saint-Fran\u00e7ois-Xavier Street<br \/>\nMontr\u00e9al (Qu\u00e9bec) H2Y 2T1<br \/>\nPhone: 514-288-3161<br \/>\nShow: <i>The Impossible Light<\/i><em><br \/>\n<\/em><a href=\"https:\/\/maps.app.goo.gl\/PodaBFEeTnds3j4L6\" target=\"_blank\" rel=\"noopener\">MAP<\/a><\/p>\n<p><strong>Accessibility:<\/strong> Access ramp; adapted restroom.<br \/>\n<strong>Transportation: <\/strong>Place d&#8217;Armes m\u00e9tro station<\/p>\n<\/div>\n<p>&nbsp;<\/p>\n<div class=\"callout-big\">\n<div class=\"callout-small\">\n<p><strong>BAnQ Biblioth\u00e8que et Archives nationales du Qu\u00e9bec<br \/>\n<\/strong>475 de Maisonneuve East<br \/>\nMontr\u00e9al (Qu\u00e9bec) H2L 5C4<br \/>\nPhone: 514-873-1100<br \/>\nShow: <em>Woods<br \/>\n<\/em><a href=\"https:\/\/maps.app.goo.gl\/ZyLXWuZmkprmFmLR9\" target=\"_blank\" rel=\"noopener\">MAP<\/a><\/p>\n<p><strong>Accessibility:<\/strong> Universal<br \/>\n<strong>Transportation: <\/strong>Berri-UQAM m\u00e9tro station<\/p>\n<\/div>\n<\/div>\n<p>&nbsp;<\/p>\n<p><strong>Studio-d&#8217;essai Claude-Gauvreau<br \/>\n<\/strong><b>Room J-2020<br \/>\n\u00c9cole sup\u00e9rieure de th\u00e9\u00e2tre<br \/>\n<\/b><b>Pavillon Judith-Jasmin de l\u2019UQAM<br \/>\n<\/b>1400 Berri Street<b><br \/>\n<\/b>Montr\u00e9al (Qu\u00e9bec) H2L 5C4<br \/>\nPhone: 514-987-3000, ext. 21089<br \/>\nShow: <em>L&#8217;enl\u00e8vement du prince Charles<br \/>\n<\/em><a href=\"https:\/\/maps.app.goo.gl\/UCTUdCPSXdSYjLu6A\" target=\"_blank\" rel=\"noopener\">MAP\u00a0<\/a><\/p>\n<p><strong>Accessibility:<\/strong> Universal<br \/>\n<strong>Transportation: <\/strong>Berri-UQAM m\u00e9tro station<\/p>\n<p>&nbsp;<\/p>\n<p><b>McLennan Library &#8211; McGill University<br \/>\n<\/b>3459 McTavish Street, 4th Floor<br \/>\nMontr\u00e9al (Qu\u00e9bec) H3A 0C9<br \/>\nPhone: <span aria-label=\"Composer le num\u00e9ro (514) 398-4734\">514-398-4734<\/span><br \/>\nExhibition: A<em>rtefacts Unboxed: The Stearn Collection Unveiled<br \/>\n<\/em><a href=\"https:\/\/www.google.com\/maps\/place\/Biblioth%C3%A8que+McLennan\/@45.5034111,-73.578903,602m\/data=!3m1!1e3!4m6!3m5!1s0x4cc91a472259157f:0xb7245417a5cb42bb!8m2!3d45.5034665!4d-73.5760174!16s%2Fm%2F04zzbtw?entry=ttu&amp;g_ep=EgoyMDI2MDExOS4wIKXMDSoASAFQAw%3D%3D\" target=\"_blank\" rel=\"noopener\">MAP<\/a><\/p>\n<p><strong>Accessibility:<\/strong> TBD<br \/>\n<strong>Transportation: <\/strong>Peel m\u00e9tro station<\/p>\n<p>&nbsp;<\/p>\n<p><b>Institut culturel italien de Montr\u00e9al<br \/>\n<\/b>1200 Doctor-Penfield Avenue<br \/>\nMontr\u00e9al (Qu\u00e9bec) H3A 1A9<br \/>\nPhone: 514-849-3473<br \/>\nExhibition: <em>Les fils des merveilles : \u00e2mes de bois, gardiennes de r\u00eaves et m\u00e9moires de papier<br \/>\n<\/em><a href=\"https:\/\/maps.app.goo.gl\/Zi9WJaCiEJRBASh66\" target=\"_blank\" rel=\"noopener\">MAP <\/a><\/p>\n<p><strong>Accessibility :<\/strong> TBD<br \/>\n<strong>Transportation: <\/strong>Peel m\u00e9tro station<\/p>\n<p>&nbsp;<\/p>\n<div>\n<p><strong>OBORO<br \/>\n<\/strong>4001 Berri Street<br \/>\nMontr\u00e9al (Qu\u00e9bec) H2L 4H2<br \/>\nPhone: 514-844-3250<br \/>\nInstallation: <em>Cosmogonie domestique<br \/>\n<\/em><a href=\"https:\/\/www.google.ca\/maps\/place\/OBORO\/@45.5214639,-73.5765895,17z\/data=!3m1!4b1!4m5!3m4!1s0x4cc91bc9545648db:0x5c11b0f181a333d2!8m2!3d45.5214639!4d-73.5744008\">MAP<\/a><\/p>\n<p><strong>Accessibility:<\/strong> Venue on the 2rd floor; Staircase access only.<br \/>\n<strong>Transportation:<\/strong> Sherbrooke m\u00e9tro station<\/p>\n<\/div>\n<p>&nbsp;<\/p>\n<div>\n<p><strong>Ukrainian National Federation<br \/>\n<\/strong>405 Fairmount Avenue West<br \/>\nMontr\u00e9al (Qu\u00e9bec) H2V 2G5<br \/>\nPhone: 514-708-9779<br \/>\nEvents: Festival Headquarters and OUF! Festival Off Casteliers shows<br \/>\n<a href=\"https:\/\/maps.app.goo.gl\/5eC5Uo1MJCgkQgUeA\">MAP<\/a><\/p>\n<p><strong>Accessibility:<\/strong> TBD<br \/>\n<strong>Transportation:<\/strong> Laurier m\u00e9tro station<\/p>\n<p>&nbsp;<\/p>\n<\/div>\n<p>&nbsp;<\/p>\n<div>\n<p>&nbsp;<\/p>\n<p>&nbsp;<\/p>\n<p>&nbsp;<\/p>\n<\/div>\n","protected":false},"excerpt":{"rendered":"<p>A MEETING PLACE FOR ALL PEOPLES\u00a0 Casteliers is located on the traditional territory of Tiohti\u00e1:ke, a place of gathering and exchange for the Indigenous Peoples for thousands of years. By welcoming artists from all over the world, we honour this tradition in a spirit of friendship, respect, and reconciliation with our Indigenous brothers and sisters, [&hellip;]<\/p>\n","protected":false},"author":1,"featured_media":0,"parent":0,"menu_order":75,"comment_status":"closed","ping_status":"closed","template":"","meta":{"footnotes":""},"class_list":["post-20","page","type-page","status-publish","hentry"],"yoast_head":"<!-- This site is optimized with the Yoast SEO plugin v24.2 - https:\/\/yoast.com\/wordpress\/plugins\/seo\/ -->\n<title>Venues - Festival de Casteliers<\/title>\n<meta name=\"description\" content=\"ACCESSIBILITY Casteliers is committed to ensuring that festival venues are accessible to people with reduced mobility, but can not guarantee universal access. Please contact the relevant venue to confirm specific access parameters.\" \/>\n<meta name=\"robots\" content=\"index, follow, max-snippet:-1, max-image-preview:large, max-video-preview:-1\" \/>\n<link rel=\"canonical\" href=\"https:\/\/festival.casteliers.ca\/en\/venues\/\" \/>\n<meta property=\"og:locale\" content=\"en_US\" \/>\n<meta property=\"og:type\" content=\"article\" \/>\n<meta property=\"og:title\" content=\"Venues - Festival de Casteliers\" \/>\n<meta property=\"og:description\" content=\"ACCESSIBILITY Casteliers is committed to ensuring that festival venues are accessible to people with reduced mobility, but can not guarantee universal access. Please contact the relevant venue to confirm specific access parameters.\" \/>\n<meta property=\"og:url\" content=\"https:\/\/festival.casteliers.ca\/en\/venues\/\" \/>\n<meta property=\"og:site_name\" content=\"Festival de Casteliers\" \/>\n<meta property=\"article:publisher\" content=\"https:\/\/www.facebook.com\/casteliers\/\" \/>\n<meta property=\"article:modified_time\" content=\"2026-01-30T09:59:58+00:00\" \/>\n<meta name=\"twitter:card\" content=\"summary_large_image\" \/>\n<meta name=\"twitter:label1\" content=\"Est. reading time\" \/>\n\t<meta name=\"twitter:data1\" content=\"3 minutes\" \/>\n<script type=\"application\/ld+json\" class=\"yoast-schema-graph\">{\"@context\":\"https:\/\/schema.org\",\"@graph\":[{\"@type\":\"WebPage\",\"@id\":\"https:\/\/festival.casteliers.ca\/en\/venues\/\",\"url\":\"https:\/\/festival.casteliers.ca\/en\/venues\/\",\"name\":\"Venues - Festival de Casteliers\",\"isPartOf\":{\"@id\":\"https:\/\/festival.casteliers.ca\/#website\"},\"datePublished\":\"2013-11-28T16:50:25+00:00\",\"dateModified\":\"2026-01-30T09:59:58+00:00\",\"description\":\"ACCESSIBILITY Casteliers is committed to ensuring that festival venues are accessible to people with reduced mobility, but can not guarantee universal access. Please contact the relevant venue to confirm specific access parameters.\",\"breadcrumb\":{\"@id\":\"https:\/\/festival.casteliers.ca\/en\/venues\/#breadcrumb\"},\"inLanguage\":\"en-US\",\"potentialAction\":[{\"@type\":\"ReadAction\",\"target\":[\"https:\/\/festival.casteliers.ca\/en\/venues\/\"]}]},{\"@type\":\"BreadcrumbList\",\"@id\":\"https:\/\/festival.casteliers.ca\/en\/venues\/#breadcrumb\",\"itemListElement\":[{\"@type\":\"ListItem\",\"position\":1,\"name\":\"Accueil\",\"item\":\"https:\/\/festival.casteliers.ca\/en\/\"},{\"@type\":\"ListItem\",\"position\":2,\"name\":\"Venues\"}]},{\"@type\":\"WebSite\",\"@id\":\"https:\/\/festival.casteliers.ca\/#website\",\"url\":\"https:\/\/festival.casteliers.ca\/\",\"name\":\"Festival international de Casteliers\",\"description\":\"Du 2 au 8 mars 2026\",\"potentialAction\":[{\"@type\":\"SearchAction\",\"target\":{\"@type\":\"EntryPoint\",\"urlTemplate\":\"https:\/\/festival.casteliers.ca\/?s={search_term_string}\"},\"query-input\":{\"@type\":\"PropertyValueSpecification\",\"valueRequired\":true,\"valueName\":\"search_term_string\"}}],\"inLanguage\":\"en-US\"}]}<\/script>\n<!-- \/ Yoast SEO plugin. -->","yoast_head_json":{"title":"Venues - Festival de Casteliers","description":"ACCESSIBILITY Casteliers is committed to ensuring that festival venues are accessible to people with reduced mobility, but can not guarantee universal access. Please contact the relevant venue to confirm specific access parameters.","robots":{"index":"index","follow":"follow","max-snippet":"max-snippet:-1","max-image-preview":"max-image-preview:large","max-video-preview":"max-video-preview:-1"},"canonical":"https:\/\/festival.casteliers.ca\/en\/venues\/","og_locale":"en_US","og_type":"article","og_title":"Venues - Festival de Casteliers","og_description":"ACCESSIBILITY Casteliers is committed to ensuring that festival venues are accessible to people with reduced mobility, but can not guarantee universal access. Please contact the relevant venue to confirm specific access parameters.","og_url":"https:\/\/festival.casteliers.ca\/en\/venues\/","og_site_name":"Festival de Casteliers","article_publisher":"https:\/\/www.facebook.com\/casteliers\/","article_modified_time":"2026-01-30T09:59:58+00:00","twitter_card":"summary_large_image","twitter_misc":{"Est. reading time":"3 minutes"},"schema":{"@context":"https:\/\/schema.org","@graph":[{"@type":"WebPage","@id":"https:\/\/festival.casteliers.ca\/en\/venues\/","url":"https:\/\/festival.casteliers.ca\/en\/venues\/","name":"Venues - Festival de Casteliers","isPartOf":{"@id":"https:\/\/festival.casteliers.ca\/#website"},"datePublished":"2013-11-28T16:50:25+00:00","dateModified":"2026-01-30T09:59:58+00:00","description":"ACCESSIBILITY Casteliers is committed to ensuring that festival venues are accessible to people with reduced mobility, but can not guarantee universal access. Please contact the relevant venue to confirm specific access parameters.","breadcrumb":{"@id":"https:\/\/festival.casteliers.ca\/en\/venues\/#breadcrumb"},"inLanguage":"en-US","potentialAction":[{"@type":"ReadAction","target":["https:\/\/festival.casteliers.ca\/en\/venues\/"]}]},{"@type":"BreadcrumbList","@id":"https:\/\/festival.casteliers.ca\/en\/venues\/#breadcrumb","itemListElement":[{"@type":"ListItem","position":1,"name":"Accueil","item":"https:\/\/festival.casteliers.ca\/en\/"},{"@type":"ListItem","position":2,"name":"Venues"}]},{"@type":"WebSite","@id":"https:\/\/festival.casteliers.ca\/#website","url":"https:\/\/festival.casteliers.ca\/","name":"Festival international de Casteliers","description":"Du 2 au 8 mars 2026","potentialAction":[{"@type":"SearchAction","target":{"@type":"EntryPoint","urlTemplate":"https:\/\/festival.casteliers.ca\/?s={search_term_string}"},"query-input":{"@type":"PropertyValueSpecification","valueRequired":true,"valueName":"search_term_string"}}],"inLanguage":"en-US"}]}},"_links":{"self":[{"href":"https:\/\/festival.casteliers.ca\/en\/wp-json\/wp\/v2\/pages\/20","targetHints":{"allow":["GET"]}}],"collection":[{"href":"https:\/\/festival.casteliers.ca\/en\/wp-json\/wp\/v2\/pages"}],"about":[{"href":"https:\/\/festival.casteliers.ca\/en\/wp-json\/wp\/v2\/types\/page"}],"author":[{"embeddable":true,"href":"https:\/\/festival.casteliers.ca\/en\/wp-json\/wp\/v2\/users\/1"}],"replies":[{"embeddable":true,"href":"https:\/\/festival.casteliers.ca\/en\/wp-json\/wp\/v2\/comments?post=20"}],"version-history":[{"count":91,"href":"https:\/\/festival.casteliers.ca\/en\/wp-json\/wp\/v2\/pages\/20\/revisions"}],"predecessor-version":[{"id":18922,"href":"https:\/\/festival.casteliers.ca\/en\/wp-json\/wp\/v2\/pages\/20\/revisions\/18922"}],"wp:attachment":[{"href":"https:\/\/festival.casteliers.ca\/en\/wp-json\/wp\/v2\/media?parent=20"}],"curies":[{"name":"wp","href":"https:\/\/api.w.org\/{rel}","templated":true}]}}