{"id":24,"date":"2024-01-18T10:50:50","date_gmt":"2024-01-18T15:50:50","guid":{"rendered":"http:\/\/festival.casteliers.ca\/festival2014\/?page_id=24"},"modified":"2026-01-22T12:21:32","modified_gmt":"2026-01-22T17:21:32","slug":"billeterie","status":"publish","type":"page","link":"https:\/\/festival.casteliers.ca\/en\/billeterie\/","title":{"rendered":"Tickets"},"content":{"rendered":"<p><a href=\"#billetterie\">HOW TO PURCHASE YOUR TICKETS<\/a><\/p>\n<p><a href=\"#categories\">TICKET PRICE CATEGORIES<\/a><\/p>\n<p><a href=\"#exception\">OTHER BOX OFFICES<\/a><\/p>\n<p><a href=\"#complet\">WHAT TO DO IF A SHOW IS SOLD OUT?<\/a><\/p>\n<p><a href=\"#retardataires\">LATECOMERS<\/a><\/p>\n<p>&nbsp;<\/p>\n<h2><a id=\"billetterie\" class=\"anchor\"><\/a><span style=\"color: #e86300;\">HOW TO PURCHASE YOUR TICKETS<\/span><\/h2>\n<h3><span style=\"color: #e86300;\"><strong>Online &#8211; So much more practical!<\/strong><\/span><\/h3>\n<p><strong>TICKETS<\/strong> for Festival international de Casteliers shows can be purchased online by <strong>clicking on the links available in the show descriptions<\/strong> in both English and French. You&#8217;re just a few clicks away from your goal!<\/p>\n<h3><span style=\"color: #e86300;\"><strong>In person, or over the phone<\/strong><\/span><\/h3>\n<p>You would rather talk to a real person? Tickets for all shows can be purchased in person or over the phone by contacting Th\u00e9\u00e2tre Outremont, the official Festival international de Casteliers box office.<\/p>\n<p><strong><span style=\"color: #e86300;\">Th\u00e9\u00e2tre Outremont<\/span><\/strong><br \/>\nPhone: 514-495-9944, ext. #1<br \/>\n1248 Bernard Avenue Ouest<br \/>\n<a href=\"https:\/\/www.google.ca\/maps\/preview#!q=1248%2C+avenue+Bernard+Ouest%2C+Outremont+(Qu%C3%A9bec)+H2V+2V6&amp;data=!4m15!2m14!1m13!1s0x4cc9199d34ca30bd%3A0xa65a65a309b6e6d!3m8!1m3!1d192061!2d-73.7303025!3d45.558042!3m2!1i1286!2i825!4f13.1!4m2!3d45.5201074!4d-73.6089561\" target=\"_blank\" rel=\"noopener noreferrer\">MAP<\/a><\/p>\n<p><strong>Box office hours before the 2026 Festival\u00a0<\/strong><\/p>\n<p>Mondays: 12 p.m. \u2013 8 p.m.<\/p>\n<p>And before the beginning of a show presented at Th\u00e9\u00e2tre Outremont<\/p>\n<p><strong>Box office hours during the festival (March 2 to 8, 2026)<\/strong><\/p>\n<p>Monday, March 2, 2026: 12 p.m. \u2013 8 p.m.<br \/>\nTuesday, March 3, 2026: Closed<br \/>\nWednesday, March 4, 2026: 12 p.m. \u2013 7:30 p.m.<br \/>\nThursday, March 5, 2026: 12 p.m. \u2013 7:30 p.m.<br \/>\nFriday, March 6, 2026: 12 p.m. \u2013 6 p.m.<br \/>\nSaturday, March 7, 2026: 12 p.m. \u2013 7:30 p.m.<br \/>\nSunday, March 8, 2026: 12 p.m. \u2013 3:30 p.m.<\/p>\n<p>&nbsp;<\/p>\n<h3><span style=\"color: #e86300;\"><strong>* ATTENTION *<\/strong><\/span><\/h3>\n<p><strong>Ticket sales close one (1) hour before the performance of the following shows, <span style=\"text-decoration: underline;\">not presented at Th\u00e9\u00e2tre Outremont<\/span>:<\/strong><\/p>\n<p>&nbsp;<\/p>\n<p><a href=\"https:\/\/festival.casteliers.ca\/spectacle\/bois-2\/\" target=\"_blank\" rel=\"noopener\">WOODS <\/a>\u2013 Puzzle Th\u00e9\u00e2tre, Montr\u00e9al, 4 years + (BAnQ)<\/p>\n<p><a href=\"https:\/\/festival.casteliers.ca\/spectacle\/whalefall\/\" target=\"_blank\" rel=\"noopener\"><span style=\"color: #ff6600;\">WHALEFALL<\/span><\/a> \u2013 Infinith\u00e9\u00e2tre, Montr\u00e9al, 12 years + (La Chapelle Sc\u00e8nes Contemporaines)<\/p>\n<p><a href=\"https:\/\/festival.casteliers.ca\/spectacle\/absence-des-extraterrestres\/\" target=\"_blank\" rel=\"noopener\">ABSENCE DES EXTRATERRESTRES<\/a> \u2013 Antoine Laprise, Montr\u00e9al and Hubert J\u00e9gat, France \/ Cr\u00e9atureS compagnie, 12 years + (L&#8217;Illusion, Th\u00e9\u00e2tre de marionnettes)<\/p>\n<p><a href=\"https:\/\/festival.casteliers.ca\/spectacle\/lenlevement-du-prince-charles\/\" target=\"_blank\" rel=\"noopener\">L&#8217;ENL\u00c8VEMENT DU PRINCE CHARLES<\/a> \u2013 Teatro del Drago, Italy, 4 years + (Studio-d\u2019essai Claude-Gauvreau, UQAM)<\/p>\n<p><a href=\"https:\/\/festival.casteliers.ca\/spectacle\/viva\/\" target=\"_blank\" rel=\"noopener\">VIVA!\u00a0<\/a> \u2013 La Loquace Cie, France \/ Espagne, 12 years + (PGLO High-School Auditorium)<\/p>\n<p><a href=\"https:\/\/festival.casteliers.ca\/spectacle\/realites-paralleles\/\" target=\"_blank\" rel=\"noopener\">R\u00c9ALIT\u00c9S PARALL\u00c8LES<\/a> \u2013 Th\u00e9\u00e2tre de La Pire Esp\u00e8ce, Montr\u00e9al, 14 years + (Th\u00e9\u00e2tre Aux \u00c9curies)<\/p>\n<p><a href=\"https:\/\/festival.casteliers.ca\/spectacle\/incarnations-transitoires\/\" target=\"_blank\" rel=\"noopener\">INCARNATIONS TRANSITOIRES<\/a> \u2013 C\u00e9line Chevrier, Montr\u00e9al, 7 years+ (L&#8217;Illusion, Th\u00e9\u00e2tre de marionnettes)<\/p>\n<p><a href=\"https:\/\/festival.casteliers.ca\/spectacle\/papa\/\" target=\"_blank\" rel=\"noopener\">DADDY<\/a> \u2013 Puzzle Th\u00e9\u00e2tre, Montr\u00e9al, 6 years + (PGLO High-School Auditorium)<\/p>\n<p><a href=\"https:\/\/festival.casteliers.ca\/spectacle\/the-impossible-light\/\" target=\"_blank\" rel=\"noopener\">THE IMPOSSIBLE LIGHT<\/a> \u2013\u00a0 Surreal SoReal, Montr\u00e9al, 13 years + (Th\u00e9\u00e2tre Centaur)<\/p>\n<p><strong>One (1) hour before the start of these shows, any unsold tickets will be available for purchase at the reception desk of the corresponding venue. Credit card and Interac transfers only. No cash payments.<\/strong><\/p>\n<p>&nbsp;<\/p>\n<p><a href=\"#top\"><img loading=\"lazy\" decoding=\"async\" class=\"alignnone size-full wp-image-8375\" src=\"https:\/\/festival.casteliers.ca\/festival2014\/wp-content\/uploads\/2020\/01\/casteliers_arrowtop.png\" alt=\"\" width=\"24\" height=\"24\" \/><\/a><\/p>\n<h2><span style=\"color: #e86300;\"><strong><a id=\"exception\"><\/a>other box offices<\/strong><\/span><\/h2>\n<p>Exceptionally, tickets for:<\/p>\n<p><em>&#8211; Whalefall<\/em><em>\u00a0<\/em>(Infinith\u00e9\u00e2tre, Montr\u00e9al, 12 years +)\u00a0 must be purchased through La Chapelle Sc\u00e8nes Contemporaines box office. <a href=\"https:\/\/lachapelle.tuxedobillet.com\/main\/infinitheatre-ou-whalefall\" target=\"_blank\" rel=\"noopener\">Clic here to purchase tickets for <em>Whalefall<\/em>. <\/a>You will be redirected to the La Chapelle Sc\u00e8nes Contemporaines transaction site.<\/p>\n<p>&#8211; <em>R\u00e9alit\u00e9s parall\u00e8les<\/em> (Th\u00e9\u00e2tre de la Pire Esp\u00e8ce, Montr\u00e9al, 12 years +) must be purchased through the Th\u00e9\u00e2tre Aux \u00c9curies box office.<a href=\"https:\/\/auxecuries.tuxedobillet.com\/main\/realites-paralleles\/20260306190000\" target=\"_blank\" rel=\"noopener\"> Clic here to purchase tickets for <em>R\u00e9alit\u00e9s parall\u00e8les<\/em>.<\/a> You will be redirected to the Th\u00e9\u00e2tre Aux \u00c9curies transaction site.<\/p>\n<p>&#8211; <em>The Impossible Light <\/em>(Surreal SoReal, Montr\u00e9al, 13 years +) must be purchased through the Th\u00e9\u00e2tre Centaur box office. <a href=\"https:\/\/centaurtheatre.com\/shows\/the-impossible-light\/\" target=\"_blank\" rel=\"noopener\">Clic here to purchase tickets for\u00a0<\/a><em><a href=\"https:\/\/centaurtheatre.com\/shows\/the-impossible-light\/\">The Impossible Light<\/a>. Y<\/em>ou will be redirected to the Centaur Theatre box office.<\/p>\n<p>&nbsp;<\/p>\n<p><a href=\"#top\"><img loading=\"lazy\" decoding=\"async\" class=\"alignnone size-full wp-image-8375\" src=\"https:\/\/festival.casteliers.ca\/festival2014\/wp-content\/uploads\/2020\/01\/casteliers_arrowtop.png\" alt=\"\" width=\"24\" height=\"24\" \/><\/a><\/p>\n<h2><a id=\"categories\" class=\"anchor\"><\/a><span style=\"color: #e86300;\"><strong>TICKET PRICE CATEGORIES<\/strong><\/span><\/h2>\n<p><strong>INCLUSIVE TICKET PRICING<\/strong><\/p>\n<p>In keeping with a spirit of openness and accessibility, Festival international de Casteliers offers everyone the opportunity to choose the ticket price best suited to their situation. No proof or justification is required to purchase tickets at these rates.<\/p>\n<p><strong>SOLIDARITY Ticket \u2014 $45<br \/>\n<\/strong>I wish to support inclusive ticket pricing, enabling others to benefit from lower prices.<\/p>\n<p><strong>REGULAR Ticket \u2014 $35<br \/>\n<\/strong>I wish to support Casteliers and am happy to pay the actual ticket price.<\/p>\n<p><strong>REDUCED Ticket \u2014 $28<br \/>\n<\/strong>I have a limited budget for cultural activities, but I don\u2019t want to miss out on anything.<\/p>\n<p><strong>ACCESSIBLE Ticket \u2014 $23<br \/>\n<\/strong>I have a low income and can rarely afford cultural activities.<\/p>\n<p style=\"font-weight: 400;\"><strong>Single admission price:<\/strong> same price for everyone<\/p>\n<p>&nbsp;<\/p>\n<p><em>Taxes and ticket processing fees included.<\/em><\/p>\n<p>If you\u2019d like to make a donation to support Casteliers\u2019 work, please visit <a href=\"https:\/\/casteliers.ca\/en\/how-can-you-show-your-support\/\">https:\/\/casteliers.ca\/en\/how-can-you-show-your-support\/<\/a><\/p>\n<p>&nbsp;<\/p>\n<p><a href=\"#top\"><img loading=\"lazy\" decoding=\"async\" class=\"alignnone size-full wp-image-8375\" src=\"https:\/\/festival.casteliers.ca\/festival2014\/wp-content\/uploads\/2020\/01\/casteliers_arrowtop.png\" alt=\"\" width=\"24\" height=\"24\" \/><\/a><\/p>\n<h2><a id=\"complet\" class=\"anchor\"><\/a><strong><span style=\"color: #e86300;\">WHAT TO DO IF A SHOW IS SOLD OUT?<\/span><\/strong><\/h2>\n<p>The show you had in mind is sold out? Try your luck at the door! Arrive early.<\/p>\n<p>If any reserved tickets become available at the last minute, we\u2019ll be happy to put them back for sale. Credit card and Interac transfers only. No cash payments.<\/p>\n<p><a href=\"#top\"><img loading=\"lazy\" decoding=\"async\" class=\"alignnone size-full wp-image-8375\" src=\"https:\/\/festival.casteliers.ca\/festival2014\/wp-content\/uploads\/2020\/01\/casteliers_arrowtop.png\" alt=\"\" width=\"24\" height=\"24\" \/><\/a><\/p>\n<p>&nbsp;<\/p>\n<h2><a id=\"complet\" class=\"anchor\"><\/a><a href=\"#retardataires\"><strong><span style=\"color: #e86300;\">LATECOMERS<\/span><\/strong><\/a><\/h2>\n<p><span style=\"font-weight: 400;\">Out of respect for the performers and fellow spectators, latecomers will not be admitted.<\/span> There are no intermissions.<\/p>\n<p>&nbsp;<\/p>\n<p><a href=\"#top\"><img loading=\"lazy\" decoding=\"async\" class=\"alignnone size-full wp-image-8375\" src=\"https:\/\/festival.casteliers.ca\/festival2014\/wp-content\/uploads\/2020\/01\/casteliers_arrowtop.png\" alt=\"\" width=\"24\" height=\"24\" \/><\/a><\/p>\n<p><span style=\"color: #e86300;\"><a style=\"color: #e86300;\" href=\"https:\/\/sibforms.com\/serve\/MUIEAB63h_KRsFLhCJlGxykMNg0p6aEYQDpWTNEZAwZVDiuNmZOran8YrhoqPC7_IBEy1MnqRvI93arkVlc41GoHoRzRXkioV1Lg86WGuFBuQ6sBsLaWP7t5B7gk0cKuSRTO3jGpdFMIEX6X-eHrgC6MACCSAKNbFIlCg7NMriAcCcr0oPy7gn0-_J3bMw5p3gaJDZcHpKZCHPGR\" target=\"_blank\" rel=\"noopener\">Subscribe to the Casteliers newsletter<\/a><\/span>\u00a0to stay informed.<\/p>\n<p>Follow us on <span style=\"color: #e86300;\"><a style=\"color: #e86300;\" href=\"https:\/\/www.facebook.com\/casteliers\" target=\"_blank\" rel=\"noopener\">Facebook.<\/a><\/span><\/p>\n<p>&nbsp;<\/p>\n<p><a href=\"#top\"><img loading=\"lazy\" decoding=\"async\" class=\"alignnone size-full wp-image-8375\" src=\"https:\/\/festival.casteliers.ca\/festival2014\/wp-content\/uploads\/2020\/01\/casteliers_arrowtop.png\" alt=\"\" width=\"24\" height=\"24\" \/><\/a><\/p>\n","protected":false},"excerpt":{"rendered":"<p>HOW TO PURCHASE YOUR TICKETS TICKET PRICE CATEGORIES OTHER BOX OFFICES WHAT TO DO IF A SHOW IS SOLD OUT? LATECOMERS &nbsp; HOW TO PURCHASE YOUR TICKETS Online &#8211; So much more practical! TICKETS for Festival international de Casteliers shows can be purchased online by clicking on the links available in the show descriptions in [&hellip;]<\/p>\n","protected":false},"author":1,"featured_media":0,"parent":0,"menu_order":70,"comment_status":"closed","ping_status":"closed","template":"","meta":{"footnotes":""},"class_list":["post-24","page","type-page","status-publish","hentry"],"yoast_head":"<!-- This site is optimized with the Yoast SEO plugin v24.2 - https:\/\/yoast.com\/wordpress\/plugins\/seo\/ -->\n<title>Tickets - Festival de Casteliers<\/title>\n<meta name=\"description\" content=\"20th Festival international de Casteliers, March 3-9, 2025. Enjoy the Inclusive tarification. See how to buy your tickets!\" \/>\n<meta name=\"robots\" content=\"index, follow, max-snippet:-1, max-image-preview:large, max-video-preview:-1\" \/>\n<link rel=\"canonical\" href=\"https:\/\/festival.casteliers.ca\/en\/billeterie\/\" \/>\n<meta property=\"og:locale\" content=\"en_US\" \/>\n<meta property=\"og:type\" content=\"article\" \/>\n<meta property=\"og:title\" content=\"Tickets - Festival de Casteliers\" \/>\n<meta property=\"og:description\" content=\"20th Festival international de Casteliers, March 3-9, 2025. Enjoy the Inclusive tarification. See how to buy your tickets!\" \/>\n<meta property=\"og:url\" content=\"https:\/\/festival.casteliers.ca\/en\/billeterie\/\" \/>\n<meta property=\"og:site_name\" content=\"Festival de Casteliers\" \/>\n<meta property=\"article:publisher\" content=\"https:\/\/www.facebook.com\/casteliers\/\" \/>\n<meta property=\"article:modified_time\" content=\"2026-01-22T17:21:32+00:00\" \/>\n<meta property=\"og:image\" content=\"https:\/\/festival.casteliers.ca\/festival2014\/wp-content\/uploads\/2020\/01\/casteliers_arrowtop.png\" \/>\n\t<meta property=\"og:image:width\" content=\"24\" \/>\n\t<meta property=\"og:image:height\" content=\"24\" \/>\n\t<meta property=\"og:image:type\" content=\"image\/png\" \/>\n<meta name=\"twitter:card\" content=\"summary_large_image\" \/>\n<meta name=\"twitter:label1\" content=\"Est. reading time\" \/>\n\t<meta name=\"twitter:data1\" content=\"5 minutes\" \/>\n<script type=\"application\/ld+json\" class=\"yoast-schema-graph\">{\"@context\":\"https:\/\/schema.org\",\"@graph\":[{\"@type\":\"WebPage\",\"@id\":\"https:\/\/festival.casteliers.ca\/en\/billeterie\/\",\"url\":\"https:\/\/festival.casteliers.ca\/en\/billeterie\/\",\"name\":\"Tickets - Festival de Casteliers\",\"isPartOf\":{\"@id\":\"https:\/\/festival.casteliers.ca\/#website\"},\"primaryImageOfPage\":{\"@id\":\"https:\/\/festival.casteliers.ca\/en\/billeterie\/#primaryimage\"},\"image\":{\"@id\":\"https:\/\/festival.casteliers.ca\/en\/billeterie\/#primaryimage\"},\"thumbnailUrl\":\"https:\/\/festival.casteliers.ca\/festival2014\/wp-content\/uploads\/2020\/01\/casteliers_arrowtop.png\",\"datePublished\":\"2024-01-18T15:50:50+00:00\",\"dateModified\":\"2026-01-22T17:21:32+00:00\",\"description\":\"20th Festival international de Casteliers, March 3-9, 2025. Enjoy the Inclusive tarification. See how to buy your tickets!\",\"breadcrumb\":{\"@id\":\"https:\/\/festival.casteliers.ca\/en\/billeterie\/#breadcrumb\"},\"inLanguage\":\"en-US\",\"potentialAction\":[{\"@type\":\"ReadAction\",\"target\":[\"https:\/\/festival.casteliers.ca\/en\/billeterie\/\"]}]},{\"@type\":\"ImageObject\",\"inLanguage\":\"en-US\",\"@id\":\"https:\/\/festival.casteliers.ca\/en\/billeterie\/#primaryimage\",\"url\":\"https:\/\/festival.casteliers.ca\/festival2014\/wp-content\/uploads\/2020\/01\/casteliers_arrowtop.png\",\"contentUrl\":\"https:\/\/festival.casteliers.ca\/festival2014\/wp-content\/uploads\/2020\/01\/casteliers_arrowtop.png\"},{\"@type\":\"BreadcrumbList\",\"@id\":\"https:\/\/festival.casteliers.ca\/en\/billeterie\/#breadcrumb\",\"itemListElement\":[{\"@type\":\"ListItem\",\"position\":1,\"name\":\"Accueil\",\"item\":\"https:\/\/festival.casteliers.ca\/en\/\"},{\"@type\":\"ListItem\",\"position\":2,\"name\":\"Tickets\"}]},{\"@type\":\"WebSite\",\"@id\":\"https:\/\/festival.casteliers.ca\/#website\",\"url\":\"https:\/\/festival.casteliers.ca\/\",\"name\":\"Festival international de Casteliers\",\"description\":\"Du 2 au 8 mars 2026\",\"potentialAction\":[{\"@type\":\"SearchAction\",\"target\":{\"@type\":\"EntryPoint\",\"urlTemplate\":\"https:\/\/festival.casteliers.ca\/?s={search_term_string}\"},\"query-input\":{\"@type\":\"PropertyValueSpecification\",\"valueRequired\":true,\"valueName\":\"search_term_string\"}}],\"inLanguage\":\"en-US\"}]}<\/script>\n<!-- \/ Yoast SEO plugin. -->","yoast_head_json":{"title":"Tickets - Festival de Casteliers","description":"20th Festival international de Casteliers, March 3-9, 2025. Enjoy the Inclusive tarification. See how to buy your tickets!","robots":{"index":"index","follow":"follow","max-snippet":"max-snippet:-1","max-image-preview":"max-image-preview:large","max-video-preview":"max-video-preview:-1"},"canonical":"https:\/\/festival.casteliers.ca\/en\/billeterie\/","og_locale":"en_US","og_type":"article","og_title":"Tickets - Festival de Casteliers","og_description":"20th Festival international de Casteliers, March 3-9, 2025. Enjoy the Inclusive tarification. See how to buy your tickets!","og_url":"https:\/\/festival.casteliers.ca\/en\/billeterie\/","og_site_name":"Festival de Casteliers","article_publisher":"https:\/\/www.facebook.com\/casteliers\/","article_modified_time":"2026-01-22T17:21:32+00:00","og_image":[{"width":24,"height":24,"url":"https:\/\/festival.casteliers.ca\/festival2014\/wp-content\/uploads\/2020\/01\/casteliers_arrowtop.png","type":"image\/png"}],"twitter_card":"summary_large_image","twitter_misc":{"Est. reading time":"5 minutes"},"schema":{"@context":"https:\/\/schema.org","@graph":[{"@type":"WebPage","@id":"https:\/\/festival.casteliers.ca\/en\/billeterie\/","url":"https:\/\/festival.casteliers.ca\/en\/billeterie\/","name":"Tickets - Festival de Casteliers","isPartOf":{"@id":"https:\/\/festival.casteliers.ca\/#website"},"primaryImageOfPage":{"@id":"https:\/\/festival.casteliers.ca\/en\/billeterie\/#primaryimage"},"image":{"@id":"https:\/\/festival.casteliers.ca\/en\/billeterie\/#primaryimage"},"thumbnailUrl":"https:\/\/festival.casteliers.ca\/festival2014\/wp-content\/uploads\/2020\/01\/casteliers_arrowtop.png","datePublished":"2024-01-18T15:50:50+00:00","dateModified":"2026-01-22T17:21:32+00:00","description":"20th Festival international de Casteliers, March 3-9, 2025. Enjoy the Inclusive tarification. See how to buy your tickets!","breadcrumb":{"@id":"https:\/\/festival.casteliers.ca\/en\/billeterie\/#breadcrumb"},"inLanguage":"en-US","potentialAction":[{"@type":"ReadAction","target":["https:\/\/festival.casteliers.ca\/en\/billeterie\/"]}]},{"@type":"ImageObject","inLanguage":"en-US","@id":"https:\/\/festival.casteliers.ca\/en\/billeterie\/#primaryimage","url":"https:\/\/festival.casteliers.ca\/festival2014\/wp-content\/uploads\/2020\/01\/casteliers_arrowtop.png","contentUrl":"https:\/\/festival.casteliers.ca\/festival2014\/wp-content\/uploads\/2020\/01\/casteliers_arrowtop.png"},{"@type":"BreadcrumbList","@id":"https:\/\/festival.casteliers.ca\/en\/billeterie\/#breadcrumb","itemListElement":[{"@type":"ListItem","position":1,"name":"Accueil","item":"https:\/\/festival.casteliers.ca\/en\/"},{"@type":"ListItem","position":2,"name":"Tickets"}]},{"@type":"WebSite","@id":"https:\/\/festival.casteliers.ca\/#website","url":"https:\/\/festival.casteliers.ca\/","name":"Festival international de Casteliers","description":"Du 2 au 8 mars 2026","potentialAction":[{"@type":"SearchAction","target":{"@type":"EntryPoint","urlTemplate":"https:\/\/festival.casteliers.ca\/?s={search_term_string}"},"query-input":{"@type":"PropertyValueSpecification","valueRequired":true,"valueName":"search_term_string"}}],"inLanguage":"en-US"}]}},"_links":{"self":[{"href":"https:\/\/festival.casteliers.ca\/en\/wp-json\/wp\/v2\/pages\/24","targetHints":{"allow":["GET"]}}],"collection":[{"href":"https:\/\/festival.casteliers.ca\/en\/wp-json\/wp\/v2\/pages"}],"about":[{"href":"https:\/\/festival.casteliers.ca\/en\/wp-json\/wp\/v2\/types\/page"}],"author":[{"embeddable":true,"href":"https:\/\/festival.casteliers.ca\/en\/wp-json\/wp\/v2\/users\/1"}],"replies":[{"embeddable":true,"href":"https:\/\/festival.casteliers.ca\/en\/wp-json\/wp\/v2\/comments?post=24"}],"version-history":[{"count":152,"href":"https:\/\/festival.casteliers.ca\/en\/wp-json\/wp\/v2\/pages\/24\/revisions"}],"predecessor-version":[{"id":18818,"href":"https:\/\/festival.casteliers.ca\/en\/wp-json\/wp\/v2\/pages\/24\/revisions\/18818"}],"wp:attachment":[{"href":"https:\/\/festival.casteliers.ca\/en\/wp-json\/wp\/v2\/media?parent=24"}],"curies":[{"name":"wp","href":"https:\/\/api.w.org\/{rel}","templated":true}]}}